{"id":879,"date":"2023-10-27T14:35:58","date_gmt":"2023-10-27T12:35:58","guid":{"rendered":"https:\/\/abazari.eu\/beeidigtes-dolmetschen\/"},"modified":"2023-12-27T15:57:24","modified_gmt":"2023-12-27T14:57:24","slug":"beeidigtes-dolmetschen","status":"publish","type":"page","link":"https:\/\/abazari.eu\/de\/beeidigtes-dolmetschen\/","title":{"rendered":"Beeidigtes Dolmetschen"},"content":{"rendered":"\t\t<div data-elementor-type=\"wp-page\" data-elementor-id=\"879\" class=\"elementor elementor-879 elementor-325\" data-elementor-post-type=\"page\">\n\t\t\t\t<div class=\"elementor-element elementor-element-372e1715 e-flex e-con-boxed e-con e-parent\" data-id=\"372e1715\" data-element_type=\"container\" data-settings=\"{&quot;background_background&quot;:&quot;classic&quot;}\">\n\t\t\t\t\t<div class=\"e-con-inner\">\n\t\t\t\t<div class=\"elementor-element elementor-element-3d9fb3a5 elementor-widget elementor-widget-heading\" data-id=\"3d9fb3a5\" data-element_type=\"widget\" data-widget_type=\"heading.default\">\n\t\t\t\t<div class=\"elementor-widget-container\">\n\t\t\t\t\t<h1 class=\"elementor-heading-title elementor-size-default\">Beeidigtes Dolmetschen auf Teneriffa<\/h1>\t\t\t\t<\/div>\n\t\t\t\t<\/div>\n\t\t\t\t<div class=\"elementor-element elementor-element-6d4bfbd2 elementor-widget__width-inherit elementor-hidden-desktop elementor-hidden-tablet elementor-hidden-mobile elementor-widget-divider--view-line elementor-widget elementor-widget-divider\" data-id=\"6d4bfbd2\" data-element_type=\"widget\" data-widget_type=\"divider.default\">\n\t\t\t\t<div class=\"elementor-widget-container\">\n\t\t\t\t\t\t\t<div class=\"elementor-divider\">\n\t\t\t<span class=\"elementor-divider-separator\">\n\t\t\t\t\t\t<\/span>\n\t\t<\/div>\n\t\t\t\t\t\t<\/div>\n\t\t\t\t<\/div>\n\t\t\t\t<div class=\"elementor-element elementor-element-4a71fc29 elementor-hidden-desktop elementor-hidden-tablet elementor-hidden-mobile elementor-widget elementor-widget-heading\" data-id=\"4a71fc29\" data-element_type=\"widget\" data-widget_type=\"heading.default\">\n\t\t\t\t<div class=\"elementor-widget-container\">\n\t\t\t\t\t<h6 class=\"elementor-heading-title elementor-size-default\">Wir werden uns so schnell wie m\u00f6glich mit Ihnen in Verbindung setzen.<\/h6>\t\t\t\t<\/div>\n\t\t\t\t<\/div>\n\t\t\t\t<div class=\"elementor-element elementor-element-1705702f elementor-align-center elementor-hidden-desktop elementor-hidden-tablet elementor-hidden-mobile elementor-icon-list--layout-traditional elementor-list-item-link-full_width elementor-widget elementor-widget-icon-list\" data-id=\"1705702f\" data-element_type=\"widget\" data-widget_type=\"icon-list.default\">\n\t\t\t\t<div class=\"elementor-widget-container\">\n\t\t\t\t\t\t\t<ul class=\"elementor-icon-list-items\">\n\t\t\t\t\t\t\t<li class=\"elementor-icon-list-item\">\n\t\t\t\t\t\t\t\t\t\t\t<a href=\"tel:+34546115161\">\n\n\t\t\t\t\t\t\t\t\t\t\t<span class=\"elementor-icon-list-text\">+34 646 115 161<\/span>\n\t\t\t\t\t\t\t\t\t\t\t<\/a>\n\t\t\t\t\t\t\t\t\t<\/li>\n\t\t\t\t\t\t\t\t<li class=\"elementor-icon-list-item\">\n\t\t\t\t\t\t\t\t\t\t\t<a href=\"mailto:sascha@abazari.eu\">\n\n\t\t\t\t\t\t\t\t\t\t\t<span class=\"elementor-icon-list-text\">sascha@abazari.eu<\/span>\n\t\t\t\t\t\t\t\t\t\t\t<\/a>\n\t\t\t\t\t\t\t\t\t<\/li>\n\t\t\t\t\t\t\t\t<li class=\"elementor-icon-list-item\">\n\t\t\t\t\t\t\t\t\t\t<span class=\"elementor-icon-list-text\">CC. Canary Center, Local 37, 38400, Puerto de la Cruz, Teneriffa<\/span>\n\t\t\t\t\t\t\t\t\t<\/li>\n\t\t\t\t\t\t<\/ul>\n\t\t\t\t\t\t<\/div>\n\t\t\t\t<\/div>\n\t\t\t\t\t<\/div>\n\t\t\t\t<\/div>\n\t\t<div class=\"elementor-element elementor-element-3b1621c0 e-flex e-con-boxed e-con e-parent\" data-id=\"3b1621c0\" data-element_type=\"container\">\n\t\t\t\t\t<div class=\"e-con-inner\">\n\t\t\t\t<div class=\"elementor-element elementor-element-135c3b23 elementor-widget elementor-widget-text-editor\" data-id=\"135c3b23\" data-element_type=\"widget\" data-widget_type=\"text-editor.default\">\n\t\t\t\t<div class=\"elementor-widget-container\">\n\t\t\t\t\t\t\t\t\t<h2><strong><em>Beeidigte Dolmetscherdienste Teneriffa<\/em><\/strong><\/h2>\n<p>Wenn es um <em>beeidigte Dolmetscher auf den Kanarischen<\/em> Inseln geht, ist unser Engagement f\u00fcr Exzellenz und Genauigkeit un\u00fcbertroffen. Wir von Interpretaciones Tenerife bieten Ihnen hochwertige vereidigte Dolmetscherdienste, die den strengsten gesetzlichen Anforderungen entsprechen.<\/p>\n<h3><em>Sicherstellung der Authentizit\u00e4t Ihrer Kommunikation<\/em><\/h3>\n<p>Unser Team von <em>vereidigten Dolmetschern in Teneriffa<\/em> besteht aus erfahrenen Fachleuten, die vom spanischen Ministerium f\u00fcr ausw\u00e4rtige Angelegenheiten und Zusammenarbeit zugelassen sind. Jedes Dolmetschen, das wir durchf\u00fchren, entspricht den h\u00f6chsten Qualit\u00e4ts- und Legalit\u00e4tsstandards.<\/p>\n<p><strong><em>Beeidigte Dolmetscherinnen und Dolmetscher<\/em><\/strong><\/p>\n<h3>Erfahrung im vereidigten Dolmetschen<\/h3>\n<p>Dank unserer langj\u00e4hrigen Erfahrung im Bereich des vereidigten Dolmetschens haben wir uns auf Teneriffa einen guten Ruf in Bezug auf Qualit\u00e4t und Professionalit\u00e4t erworben. Unsere <em>vereidigten Dolmetscher auf Teneriffa<\/em> sind Experten in einer Vielzahl von Bereichen, von juristischen bis hin zu gesch\u00e4ftlichen und notariellen Angelegenheiten.<\/p>\n<h3>Warum sollten Sie sich f\u00fcr unsere Dolmetscherdienste entscheiden?<\/h3>\n<ul>\n<li>\n<p><em>Vereidigte Dolmetscher auf den Kanarischen Inseln<\/em>: Unsere Fachleute verf\u00fcgen \u00fcber die erforderlichen Qualifikationen, um die Authentizit\u00e4t Ihrer Dolmetschungen zu gew\u00e4hrleisten.<\/p>\n<\/li>\n<li>\n<p><em>Umfassende Erfahrung<\/em>: Wir haben f\u00fcr Kunden in einer Vielzahl von Sektoren gearbeitet und liefern genaue und zuverl\u00e4ssige Interpretationen.<\/p>\n<\/li>\n<li>\n<p><em>Qualit\u00e4tsverpflichtung<\/em>: Wir garantieren Dolmetschleistungen, die allen gesetzlichen und qualitativen Anforderungen entsprechen.<\/p>\n<\/li>\n<li>\n<p><em>P\u00fcnktliche Lieferung<\/em>: Wir sind uns der Bedeutung von Fristen bewusst und liefern Dolmetschleistungen rechtzeitig.<\/p>\n<\/li>\n<\/ul>\n\t\t\t\t\t\t\t\t<\/div>\n\t\t\t\t<\/div>\n\t\t\t\t\t<\/div>\n\t\t\t\t<\/div>\n\t\t<div class=\"elementor-element elementor-element-6d034517 elementor-hidden-desktop elementor-hidden-tablet elementor-hidden-mobile e-flex e-con-boxed e-con e-parent\" data-id=\"6d034517\" data-element_type=\"container\">\n\t\t\t\t\t<div class=\"e-con-inner\">\n\t\t\t\t<div class=\"elementor-element elementor-element-253e2240 elementor-widget elementor-widget-heading\" data-id=\"253e2240\" data-element_type=\"widget\" data-widget_type=\"heading.default\">\n\t\t\t\t<div class=\"elementor-widget-container\">\n\t\t\t\t\t<h2 class=\"elementor-heading-title elementor-size-default\">Zeugnisse von Kunden<\/h2>\t\t\t\t<\/div>\n\t\t\t\t<\/div>\n\t\t<div class=\"elementor-element elementor-element-380e5b88 e-con-full e-flex e-con e-child\" data-id=\"380e5b88\" data-element_type=\"container\">\n\t\t\t\t<div class=\"elementor-element elementor-element-e5d9b0 elementor-widget__width-initial elementor-widget-tablet__width-inherit elementor-widget elementor-widget-testimonial\" data-id=\"e5d9b0\" data-element_type=\"widget\" data-widget_type=\"testimonial.default\">\n\t\t\t\t<div class=\"elementor-widget-container\">\n\t\t\t\t\t\t\t<div class=\"elementor-testimonial-wrapper\">\n\t\t\t\t\t\t\t<div class=\"elementor-testimonial-content\"><p>\"Ein Zeugnis von einem Kunden, der von Ihrem Produkt oder Ihrer Dienstleistung profitiert hat. Testimonials k\u00f6nnen ein \u00e4u\u00dferst wirksames Mittel sein, um Glaubw\u00fcrdigkeit zu schaffen und den Ruf Ihres Unternehmens zu verbessern\".<\/p>\n<\/div>\n\t\t\t\n\t\t\t\t\t\t<div class=\"elementor-testimonial-meta elementor-has-image elementor-testimonial-image-position-aside\">\n\t\t\t\t<div class=\"elementor-testimonial-meta-inner\">\n\t\t\t\t\t\t\t\t\t\t\t<div class=\"elementor-testimonial-image\">\n\t\t\t\t\t\t\t<img decoding=\"async\" width=\"63\" height=\"63\" src=\"https:\/\/abazari.eu\/wp-content\/uploads\/2023\/10\/63x63.jpg\" class=\"attachment-full size-full wp-image-12\" alt=\"\" \/>\t\t\t\t\t\t<\/div>\n\t\t\t\t\t\n\t\t\t\t\t\t\t\t\t\t<div class=\"elementor-testimonial-details\">\n\t\t\t\t\t\t\t\t\t\t\t\t\t\t<div class=\"elementor-testimonial-name\">Name des Kunden<\/div>\n\t\t\t\t\t\t\t\t\t\t\t\t\t\t\t\t\t\t\t<\/div>\n\t\t\t\t\t\t\t\t\t<\/div>\n\t\t\t<\/div>\n\t\t\t\t\t<\/div>\n\t\t\t\t\t\t<\/div>\n\t\t\t\t<\/div>\n\t\t\t\t<div class=\"elementor-element elementor-element-6570f1ac elementor-widget__width-initial elementor-widget-tablet__width-inherit elementor-widget elementor-widget-testimonial\" data-id=\"6570f1ac\" data-element_type=\"widget\" data-widget_type=\"testimonial.default\">\n\t\t\t\t<div class=\"elementor-widget-container\">\n\t\t\t\t\t\t\t<div class=\"elementor-testimonial-wrapper\">\n\t\t\t\t\t\t\t<div class=\"elementor-testimonial-content\"><p>\"Ein Zeugnis von einem Kunden, der von Ihrem Produkt oder Ihrer Dienstleistung profitiert hat. Testimonials k\u00f6nnen ein \u00e4u\u00dferst wirksames Mittel sein, um Glaubw\u00fcrdigkeit zu schaffen und den Ruf Ihres Unternehmens zu verbessern\".<\/p>\n<\/div>\n\t\t\t\n\t\t\t\t\t\t<div class=\"elementor-testimonial-meta elementor-has-image elementor-testimonial-image-position-aside\">\n\t\t\t\t<div class=\"elementor-testimonial-meta-inner\">\n\t\t\t\t\t\t\t\t\t\t\t<div class=\"elementor-testimonial-image\">\n\t\t\t\t\t\t\t<img decoding=\"async\" width=\"63\" height=\"63\" src=\"https:\/\/abazari.eu\/wp-content\/uploads\/2023\/10\/63x63.jpg\" class=\"attachment-full size-full wp-image-12\" alt=\"\" \/>\t\t\t\t\t\t<\/div>\n\t\t\t\t\t\n\t\t\t\t\t\t\t\t\t\t<div class=\"elementor-testimonial-details\">\n\t\t\t\t\t\t\t\t\t\t\t\t\t\t<div class=\"elementor-testimonial-name\">Name des Kunden<\/div>\n\t\t\t\t\t\t\t\t\t\t\t\t\t\t\t\t\t\t\t<\/div>\n\t\t\t\t\t\t\t\t\t<\/div>\n\t\t\t<\/div>\n\t\t\t\t\t<\/div>\n\t\t\t\t\t\t<\/div>\n\t\t\t\t<\/div>\n\t\t\t\t<div class=\"elementor-element elementor-element-44565791 elementor-widget__width-initial elementor-widget-tablet__width-inherit elementor-widget elementor-widget-testimonial\" data-id=\"44565791\" data-element_type=\"widget\" data-widget_type=\"testimonial.default\">\n\t\t\t\t<div class=\"elementor-widget-container\">\n\t\t\t\t\t\t\t<div class=\"elementor-testimonial-wrapper\">\n\t\t\t\t\t\t\t<div class=\"elementor-testimonial-content\"><p>\"Ein Zeugnis von einem Kunden, der von Ihrem Produkt oder Ihrer Dienstleistung profitiert hat. Testimonials k\u00f6nnen ein \u00e4u\u00dferst wirksames Mittel sein, um Glaubw\u00fcrdigkeit zu schaffen und den Ruf Ihres Unternehmens zu verbessern\".<\/p>\n<\/div>\n\t\t\t\n\t\t\t\t\t\t<div class=\"elementor-testimonial-meta elementor-has-image elementor-testimonial-image-position-aside\">\n\t\t\t\t<div class=\"elementor-testimonial-meta-inner\">\n\t\t\t\t\t\t\t\t\t\t\t<div class=\"elementor-testimonial-image\">\n\t\t\t\t\t\t\t<img decoding=\"async\" width=\"63\" height=\"63\" src=\"https:\/\/abazari.eu\/wp-content\/uploads\/2023\/10\/63x63.jpg\" class=\"attachment-full size-full wp-image-12\" alt=\"\" \/>\t\t\t\t\t\t<\/div>\n\t\t\t\t\t\n\t\t\t\t\t\t\t\t\t\t<div class=\"elementor-testimonial-details\">\n\t\t\t\t\t\t\t\t\t\t\t\t\t\t<div class=\"elementor-testimonial-name\">Name des Kunden<\/div>\n\t\t\t\t\t\t\t\t\t\t\t\t\t\t\t\t\t\t\t<\/div>\n\t\t\t\t\t\t\t\t\t<\/div>\n\t\t\t<\/div>\n\t\t\t\t\t<\/div>\n\t\t\t\t\t\t<\/div>\n\t\t\t\t<\/div>\n\t\t\t\t<\/div>\n\t\t\t\t\t<\/div>\n\t\t\t\t<\/div>\n\t\t\t\t<\/div>\n\t\t","protected":false},"excerpt":{"rendered":"<p>Beeidigtes Dolmetschen auf Teneriffa Wir werden uns so schnell wie m\u00f6glich mit Ihnen in Verbindung setzen. +34 646 115 161 sascha@abazari.eu CC. Canary Center, Local 37, 38400, Puerto de la Cruz, Teneriffa Beeidigte Dolmetscherdienste Teneriffa Wenn es um beeidigte Dolmetscher auf den Kanarischen Inseln geht, ist unser Engagement f\u00fcr Exzellenz und Genauigkeit un\u00fcbertroffen. Wir von [&hellip;]<\/p>\n","protected":false},"author":1,"featured_media":873,"parent":0,"menu_order":0,"comment_status":"closed","ping_status":"closed","template":"elementor_header_footer","meta":{"footnotes":""},"class_list":["post-879","page","type-page","status-publish","has-post-thumbnail","hentry"],"yoast_head":"<!-- This site is optimized with the Yoast SEO Premium plugin v20.6 (Yoast SEO v24.7) - https:\/\/yoast.com\/wordpress\/plugins\/seo\/ -->\n<title>Beeidigtes Dolmetschen - Sascha Abazari<\/title>\n<meta name=\"description\" content=\"Vereidigter Dolmetscher Teneriffa - Vertrauen Sie unseren vereidigten Dolmetschern auf den Kanarischen Inseln f\u00fcr eine korrekte und authentische juristische Kommunikation. Hochwertige Dienstleistungen auf Teneriffa\" \/>\n<meta name=\"robots\" content=\"index, follow, max-snippet:-1, max-image-preview:large, max-video-preview:-1\" \/>\n<link rel=\"canonical\" href=\"https:\/\/abazari.eu\/de\/beeidigtes-dolmetschen\/\" \/>\n<meta property=\"og:locale\" content=\"de_DE\" \/>\n<meta property=\"og:type\" content=\"article\" \/>\n<meta property=\"og:title\" content=\"Beeidigtes Dolmetschen\" \/>\n<meta property=\"og:description\" content=\"Vereidigter Dolmetscher Teneriffa - Vertrauen Sie unseren vereidigten Dolmetschern auf den Kanarischen Inseln f\u00fcr eine korrekte und authentische juristische Kommunikation. Hochwertige Dienstleistungen auf Teneriffa\" \/>\n<meta property=\"og:url\" content=\"https:\/\/abazari.eu\/de\/beeidigtes-dolmetschen\/\" \/>\n<meta property=\"og:site_name\" content=\"Sascha Abazari\" \/>\n<meta property=\"article:modified_time\" content=\"2023-12-27T14:57:24+00:00\" \/>\n<meta property=\"og:image\" content=\"https:\/\/abazari.eu\/wp-content\/uploads\/2023\/10\/traductores-jurados-MAEC.jpg\" \/>\n\t<meta property=\"og:image:width\" content=\"960\" \/>\n\t<meta property=\"og:image:height\" content=\"720\" \/>\n\t<meta property=\"og:image:type\" content=\"image\/jpeg\" \/>\n<meta name=\"twitter:card\" content=\"summary_large_image\" \/>\n<meta name=\"twitter:label1\" content=\"Gesch\u00e4tzte Lesezeit\" \/>\n\t<meta name=\"twitter:data1\" content=\"2\u00a0Minuten\" \/>\n<script type=\"application\/ld+json\" class=\"yoast-schema-graph\">{\"@context\":\"https:\/\/schema.org\",\"@graph\":[{\"@type\":\"WebPage\",\"@id\":\"https:\/\/abazari.eu\/de\/beeidigtes-dolmetschen\/\",\"url\":\"https:\/\/abazari.eu\/de\/beeidigtes-dolmetschen\/\",\"name\":\"Beeidigtes Dolmetschen - Sascha Abazari\",\"isPartOf\":{\"@id\":\"https:\/\/abazari.eu\/de\/#website\"},\"primaryImageOfPage\":{\"@id\":\"https:\/\/abazari.eu\/de\/beeidigtes-dolmetschen\/#primaryimage\"},\"image\":{\"@id\":\"https:\/\/abazari.eu\/de\/beeidigtes-dolmetschen\/#primaryimage\"},\"thumbnailUrl\":\"https:\/\/abazari.eu\/wp-content\/uploads\/2023\/10\/traductores-jurados-MAEC.jpg\",\"datePublished\":\"2023-10-27T12:35:58+00:00\",\"dateModified\":\"2023-12-27T14:57:24+00:00\",\"description\":\"Vereidigter Dolmetscher Teneriffa - Vertrauen Sie unseren vereidigten Dolmetschern auf den Kanarischen Inseln f\u00fcr eine korrekte und authentische juristische Kommunikation. Hochwertige Dienstleistungen auf Teneriffa\",\"breadcrumb\":{\"@id\":\"https:\/\/abazari.eu\/de\/beeidigtes-dolmetschen\/#breadcrumb\"},\"inLanguage\":\"de\",\"potentialAction\":[{\"@type\":\"ReadAction\",\"target\":[\"https:\/\/abazari.eu\/de\/beeidigtes-dolmetschen\/\"]}]},{\"@type\":\"ImageObject\",\"inLanguage\":\"de\",\"@id\":\"https:\/\/abazari.eu\/de\/beeidigtes-dolmetschen\/#primaryimage\",\"url\":\"https:\/\/abazari.eu\/wp-content\/uploads\/2023\/10\/traductores-jurados-MAEC.jpg\",\"contentUrl\":\"https:\/\/abazari.eu\/wp-content\/uploads\/2023\/10\/traductores-jurados-MAEC.jpg\",\"width\":960,\"height\":720},{\"@type\":\"BreadcrumbList\",\"@id\":\"https:\/\/abazari.eu\/de\/beeidigtes-dolmetschen\/#breadcrumb\",\"itemListElement\":[{\"@type\":\"ListItem\",\"position\":1,\"name\":\"Portada\",\"item\":\"https:\/\/abazari.eu\/de\/\"},{\"@type\":\"ListItem\",\"position\":2,\"name\":\"Beeidigtes Dolmetschen\"}]},{\"@type\":\"WebSite\",\"@id\":\"https:\/\/abazari.eu\/de\/#website\",\"url\":\"https:\/\/abazari.eu\/de\/\",\"name\":\"Sascha Abazari\",\"description\":\"Su traductor e int\u00e9rprete jurado en Tenerife\",\"publisher\":{\"@id\":\"https:\/\/abazari.eu\/de\/#organization\"},\"potentialAction\":[{\"@type\":\"SearchAction\",\"target\":{\"@type\":\"EntryPoint\",\"urlTemplate\":\"https:\/\/abazari.eu\/de\/?s={search_term_string}\"},\"query-input\":{\"@type\":\"PropertyValueSpecification\",\"valueRequired\":true,\"valueName\":\"search_term_string\"}}],\"inLanguage\":\"de\"},{\"@type\":\"Organization\",\"@id\":\"https:\/\/abazari.eu\/de\/#organization\",\"name\":\"Sascha Abazari\",\"url\":\"https:\/\/abazari.eu\/de\/\",\"logo\":{\"@type\":\"ImageObject\",\"inLanguage\":\"de\",\"@id\":\"https:\/\/abazari.eu\/de\/#\/schema\/logo\/image\/\",\"url\":\"https:\/\/abazari.eu\/wp-content\/uploads\/2023\/10\/sascha-abazari-logo.png\",\"contentUrl\":\"https:\/\/abazari.eu\/wp-content\/uploads\/2023\/10\/sascha-abazari-logo.png\",\"width\":1657,\"height\":323,\"caption\":\"Sascha Abazari\"},\"image\":{\"@id\":\"https:\/\/abazari.eu\/de\/#\/schema\/logo\/image\/\"}}]}<\/script>\n<!-- \/ Yoast SEO Premium plugin. -->","yoast_head_json":{"title":"Beeidigtes Dolmetschen - Sascha Abazari","description":"Vereidigter Dolmetscher Teneriffa - Vertrauen Sie unseren vereidigten Dolmetschern auf den Kanarischen Inseln f\u00fcr eine korrekte und authentische juristische Kommunikation. Hochwertige Dienstleistungen auf Teneriffa","robots":{"index":"index","follow":"follow","max-snippet":"max-snippet:-1","max-image-preview":"max-image-preview:large","max-video-preview":"max-video-preview:-1"},"canonical":"https:\/\/abazari.eu\/de\/beeidigtes-dolmetschen\/","og_locale":"de_DE","og_type":"article","og_title":"Beeidigtes Dolmetschen","og_description":"Vereidigter Dolmetscher Teneriffa - Vertrauen Sie unseren vereidigten Dolmetschern auf den Kanarischen Inseln f\u00fcr eine korrekte und authentische juristische Kommunikation. Hochwertige Dienstleistungen auf Teneriffa","og_url":"https:\/\/abazari.eu\/de\/beeidigtes-dolmetschen\/","og_site_name":"Sascha Abazari","article_modified_time":"2023-12-27T14:57:24+00:00","og_image":[{"width":960,"height":720,"url":"https:\/\/abazari.eu\/wp-content\/uploads\/2023\/10\/traductores-jurados-MAEC.jpg","type":"image\/jpeg"}],"twitter_card":"summary_large_image","twitter_misc":{"Gesch\u00e4tzte Lesezeit":"2\u00a0Minuten"},"schema":{"@context":"https:\/\/schema.org","@graph":[{"@type":"WebPage","@id":"https:\/\/abazari.eu\/de\/beeidigtes-dolmetschen\/","url":"https:\/\/abazari.eu\/de\/beeidigtes-dolmetschen\/","name":"Beeidigtes Dolmetschen - Sascha Abazari","isPartOf":{"@id":"https:\/\/abazari.eu\/de\/#website"},"primaryImageOfPage":{"@id":"https:\/\/abazari.eu\/de\/beeidigtes-dolmetschen\/#primaryimage"},"image":{"@id":"https:\/\/abazari.eu\/de\/beeidigtes-dolmetschen\/#primaryimage"},"thumbnailUrl":"https:\/\/abazari.eu\/wp-content\/uploads\/2023\/10\/traductores-jurados-MAEC.jpg","datePublished":"2023-10-27T12:35:58+00:00","dateModified":"2023-12-27T14:57:24+00:00","description":"Vereidigter Dolmetscher Teneriffa - Vertrauen Sie unseren vereidigten Dolmetschern auf den Kanarischen Inseln f\u00fcr eine korrekte und authentische juristische Kommunikation. Hochwertige Dienstleistungen auf Teneriffa","breadcrumb":{"@id":"https:\/\/abazari.eu\/de\/beeidigtes-dolmetschen\/#breadcrumb"},"inLanguage":"de","potentialAction":[{"@type":"ReadAction","target":["https:\/\/abazari.eu\/de\/beeidigtes-dolmetschen\/"]}]},{"@type":"ImageObject","inLanguage":"de","@id":"https:\/\/abazari.eu\/de\/beeidigtes-dolmetschen\/#primaryimage","url":"https:\/\/abazari.eu\/wp-content\/uploads\/2023\/10\/traductores-jurados-MAEC.jpg","contentUrl":"https:\/\/abazari.eu\/wp-content\/uploads\/2023\/10\/traductores-jurados-MAEC.jpg","width":960,"height":720},{"@type":"BreadcrumbList","@id":"https:\/\/abazari.eu\/de\/beeidigtes-dolmetschen\/#breadcrumb","itemListElement":[{"@type":"ListItem","position":1,"name":"Portada","item":"https:\/\/abazari.eu\/de\/"},{"@type":"ListItem","position":2,"name":"Beeidigtes Dolmetschen"}]},{"@type":"WebSite","@id":"https:\/\/abazari.eu\/de\/#website","url":"https:\/\/abazari.eu\/de\/","name":"Sascha Abazari","description":"Su traductor e int\u00e9rprete jurado en Tenerife","publisher":{"@id":"https:\/\/abazari.eu\/de\/#organization"},"potentialAction":[{"@type":"SearchAction","target":{"@type":"EntryPoint","urlTemplate":"https:\/\/abazari.eu\/de\/?s={search_term_string}"},"query-input":{"@type":"PropertyValueSpecification","valueRequired":true,"valueName":"search_term_string"}}],"inLanguage":"de"},{"@type":"Organization","@id":"https:\/\/abazari.eu\/de\/#organization","name":"Sascha Abazari","url":"https:\/\/abazari.eu\/de\/","logo":{"@type":"ImageObject","inLanguage":"de","@id":"https:\/\/abazari.eu\/de\/#\/schema\/logo\/image\/","url":"https:\/\/abazari.eu\/wp-content\/uploads\/2023\/10\/sascha-abazari-logo.png","contentUrl":"https:\/\/abazari.eu\/wp-content\/uploads\/2023\/10\/sascha-abazari-logo.png","width":1657,"height":323,"caption":"Sascha Abazari"},"image":{"@id":"https:\/\/abazari.eu\/de\/#\/schema\/logo\/image\/"}}]}},"_links":{"self":[{"href":"https:\/\/abazari.eu\/de\/wp-json\/wp\/v2\/pages\/879","targetHints":{"allow":["GET"]}}],"collection":[{"href":"https:\/\/abazari.eu\/de\/wp-json\/wp\/v2\/pages"}],"about":[{"href":"https:\/\/abazari.eu\/de\/wp-json\/wp\/v2\/types\/page"}],"author":[{"embeddable":true,"href":"https:\/\/abazari.eu\/de\/wp-json\/wp\/v2\/users\/1"}],"replies":[{"embeddable":true,"href":"https:\/\/abazari.eu\/de\/wp-json\/wp\/v2\/comments?post=879"}],"version-history":[{"count":1,"href":"https:\/\/abazari.eu\/de\/wp-json\/wp\/v2\/pages\/879\/revisions"}],"predecessor-version":[{"id":881,"href":"https:\/\/abazari.eu\/de\/wp-json\/wp\/v2\/pages\/879\/revisions\/881"}],"wp:featuredmedia":[{"embeddable":true,"href":"https:\/\/abazari.eu\/de\/wp-json\/wp\/v2\/media\/873"}],"wp:attachment":[{"href":"https:\/\/abazari.eu\/de\/wp-json\/wp\/v2\/media?parent=879"}],"curies":[{"name":"wp","href":"https:\/\/api.w.org\/{rel}","templated":true}]}}