{"id":866,"date":"2023-10-23T11:57:45","date_gmt":"2023-10-23T09:57:45","guid":{"rendered":"https:\/\/abazari.eu\/cookie-richtlinie\/"},"modified":"2023-12-27T15:57:24","modified_gmt":"2023-12-27T14:57:24","slug":"cookie-richtlinie","status":"publish","type":"page","link":"https:\/\/abazari.eu\/de\/cookie-richtlinie\/","title":{"rendered":"Cookie-Richtlinie"},"content":{"rendered":"\n<h2 class=\"wp-block-heading\" id=\"h-que-son-las-cookies\">Was sind Cookies?<\/h2>\n\n<p>Cookies und \u00e4hnliche Technologien sind sehr kleine Textdokumente oder Codeschnipsel, die oft einen eindeutigen Identifizierungscode enthalten. Wenn Sie eine Website besuchen oder eine mobile Anwendung verwenden, bittet ein Computer Ihren Computer oder Ihr mobiles Ger\u00e4t um die Erlaubnis, diese Datei auf Ihrem Computer oder mobilen Ger\u00e4t zu speichern und auf die Informationen zuzugreifen. Die durch Cookies und \u00e4hnliche Technologien gesammelten Informationen k\u00f6nnen das Datum und die Uhrzeit Ihres Besuchs und die Art und Weise, wie Sie eine bestimmte Website oder mobile Anwendung nutzen, umfassen.<\/p>\n\n<h2 class=\"wp-block-heading\" id=\"h-por-que-utilizamos-cookies\">Warum verwenden wir Cookies?<\/h2>\n\n<p>Cookies sorgen daf\u00fcr, dass Sie w\u00e4hrend Ihres Besuchs in unserem Online-Shop eingeloggt bleiben, dass alle Artikel in Ihrem Warenkorb gespeichert bleiben, dass Sie sicher einkaufen k\u00f6nnen und dass die Website weiterhin reibungslos funktioniert. Cookies sorgen auch daf\u00fcr, dass wir sehen k\u00f6nnen, wie unsere Website genutzt wird und wie wir sie verbessern k\u00f6nnen. Dar\u00fcber hinaus k\u00f6nnen unsere eigenen Cookies je nach Ihren Pr\u00e4ferenzen verwendet werden, um Ihnen gezielte Werbung zu pr\u00e4sentieren, die Ihren pers\u00f6nlichen Interessen entspricht.<\/p>\n\n<h2 class=\"wp-block-heading\" id=\"h-que-tipo-de-cookies-utilizamos\">Welche Art von Cookies verwenden wir?<\/h2>\n\n<p><strong>NOTWENDIGE COOKIES<\/strong><\/p>\n\n<p>Diese Cookies sind notwendig, damit die Website ordnungsgem\u00e4\u00df funktioniert. Einige der folgenden Aktionen k\u00f6nnen mit diesen Cookies durchgef\u00fchrt werden: &#8211; Speichern von Artikeln in einem Einkaufswagen f\u00fcr Online-Eink\u00e4ufe &#8211; Speichern Ihrer Cookie-Einstellungen f\u00fcr diese Website &#8211; Speichern von Spracheinstellungen &#8211; Einloggen in unser Portal. Wir m\u00fcssen \u00fcberpr\u00fcfen, ob Sie eingeloggt sind.<\/p>\n\n<p><strong>PERFORMANCE-COOKIES<\/strong><\/p>\n\n<p>Diese Cookies werden verwendet, um statistische Informationen \u00fcber die Nutzung unserer Website zu sammeln, auch analytische Cookies genannt. Wir verwenden diese Daten f\u00fcr die Leistung und Optimierung der Website.<\/p>\n\n<p><strong>FUNKTIONALE COOKIES<\/strong><\/p>\n\n<p>Diese Cookies erm\u00f6glichen eine verbesserte Funktionalit\u00e4t f\u00fcr die Besucher unserer Website. Diese Cookies k\u00f6nnen von unseren externen Dienstleistern oder von unserer eigenen Website gesetzt werden. Die folgenden Funktionen k\u00f6nnen aktiviert sein oder nicht, wenn Sie diese Kategorie akzeptieren: &#8211; Live-Chat-Dienste &#8211; Online-Videos ansehen &#8211; Schaltfl\u00e4chen zum Teilen von sozialen Medien &#8211; Anmeldung auf unserer Website mit sozialen Medien.<\/p>\n\n<p><strong>WERBUNG \/ TRACKING-COOKIES<\/strong><\/p>\n\n<p>Diese Cookies werden von externen Werbepartnern gesetzt und dienen der Profilerstellung und Datenverfolgung auf verschiedenen Websites. Wenn Sie diese Cookies akzeptieren, k\u00f6nnen wir unsere Werbung auf anderen Websites auf der Grundlage Ihres Benutzerprofils und Ihrer Pr\u00e4ferenzen anzeigen. Diese Cookies speichern auch Daten dar\u00fcber, wie viele Besucher unsere Werbung angesehen oder angeklickt haben, um Werbekampagnen zu optimieren.<\/p>\n\n<p><strong>UNCLASSIFIED<\/strong><\/p>\n\n<p>Diese Kekse werden derzeit noch sortiert. Sie werden in einer der folgenden Kategorien erscheinen: Notwendig, Leistung, Funktional oder Werbung.<\/p>\n\n<h2 class=\"wp-block-heading\" id=\"h-como-puedo-desactivar-o-eliminar-las-cookies\">Wie kann ich Cookies deaktivieren oder l\u00f6schen?<\/h2>\n\n<p>Sie k\u00f6nnen sich gegen alle Cookies entscheiden, au\u00dfer den notwendigen. In den Einstellungen Ihres Browsers k\u00f6nnen Sie daf\u00fcr sorgen, dass Cookies blockiert werden. Die meisten Browser bieten in einer so genannten &#8222;Hilfefunktion&#8220; eine Erkl\u00e4rung, wie dies zu bewerkstelligen ist. Wenn Sie jedoch Cookies blockieren, k\u00f6nnen Sie m\u00f6glicherweise nicht alle technischen Funktionen nutzen, die unsere Website zu bieten hat, und es kann Ihre Nutzererfahrung beeintr\u00e4chtigen.<\/p>\n","protected":false},"excerpt":{"rendered":"<p>Was sind Cookies? Cookies und \u00e4hnliche Technologien sind sehr kleine Textdokumente oder Codeschnipsel, die oft einen eindeutigen Identifizierungscode enthalten. Wenn Sie eine Website besuchen oder eine mobile Anwendung verwenden, bittet ein Computer Ihren Computer oder Ihr mobiles Ger\u00e4t um die Erlaubnis, diese Datei auf Ihrem Computer oder mobilen Ger\u00e4t zu speichern und auf die Informationen [&hellip;]<\/p>\n","protected":false},"author":2,"featured_media":0,"parent":0,"menu_order":0,"comment_status":"closed","ping_status":"closed","template":"","meta":{"footnotes":""},"class_list":["post-866","page","type-page","status-publish","hentry"],"yoast_head":"<!-- This site is optimized with the Yoast SEO Premium plugin v20.6 (Yoast SEO v24.7) - https:\/\/yoast.com\/wordpress\/plugins\/seo\/ -->\n<title>Cookie-Richtlinie - Sascha Abazari<\/title>\n<meta name=\"description\" content=\"Abazari.eu Seite Cookies Politik. Beeidigte\/juristische \u00dcbersetzungsdienste f\u00fcr Unternehmen und Privatpersonen auf den Kanarischen Inseln.\" \/>\n<meta name=\"robots\" content=\"noindex, follow\" \/>\n<meta property=\"og:locale\" content=\"de_DE\" \/>\n<meta property=\"og:type\" content=\"article\" \/>\n<meta property=\"og:title\" content=\"Cookie-Richtlinie\" \/>\n<meta property=\"og:description\" content=\"Abazari.eu Seite Cookies Politik. Beeidigte\/juristische \u00dcbersetzungsdienste f\u00fcr Unternehmen und Privatpersonen auf den Kanarischen Inseln.\" \/>\n<meta property=\"og:url\" content=\"https:\/\/abazari.eu\/de\/cookie-richtlinie\/\" \/>\n<meta property=\"og:site_name\" content=\"Sascha Abazari\" \/>\n<meta property=\"article:modified_time\" content=\"2023-12-27T14:57:24+00:00\" \/>\n<meta name=\"twitter:card\" content=\"summary_large_image\" \/>\n<meta name=\"twitter:label1\" content=\"Gesch\u00e4tzte Lesezeit\" \/>\n\t<meta name=\"twitter:data1\" content=\"3\u00a0Minuten\" \/>\n<script type=\"application\/ld+json\" class=\"yoast-schema-graph\">{\"@context\":\"https:\/\/schema.org\",\"@graph\":[{\"@type\":\"WebPage\",\"@id\":\"https:\/\/abazari.eu\/de\/cookie-richtlinie\/\",\"url\":\"https:\/\/abazari.eu\/de\/cookie-richtlinie\/\",\"name\":\"Cookie-Richtlinie - Sascha Abazari\",\"isPartOf\":{\"@id\":\"https:\/\/abazari.eu\/de\/#website\"},\"datePublished\":\"2023-10-23T09:57:45+00:00\",\"dateModified\":\"2023-12-27T14:57:24+00:00\",\"description\":\"Abazari.eu Seite Cookies Politik. Beeidigte\/juristische \u00dcbersetzungsdienste f\u00fcr Unternehmen und Privatpersonen auf den Kanarischen Inseln.\",\"breadcrumb\":{\"@id\":\"https:\/\/abazari.eu\/de\/cookie-richtlinie\/#breadcrumb\"},\"inLanguage\":\"de\",\"potentialAction\":[{\"@type\":\"ReadAction\",\"target\":[\"https:\/\/abazari.eu\/de\/cookie-richtlinie\/\"]}]},{\"@type\":\"BreadcrumbList\",\"@id\":\"https:\/\/abazari.eu\/de\/cookie-richtlinie\/#breadcrumb\",\"itemListElement\":[{\"@type\":\"ListItem\",\"position\":1,\"name\":\"Portada\",\"item\":\"https:\/\/abazari.eu\/de\/\"},{\"@type\":\"ListItem\",\"position\":2,\"name\":\"Cookie-Richtlinie\"}]},{\"@type\":\"WebSite\",\"@id\":\"https:\/\/abazari.eu\/de\/#website\",\"url\":\"https:\/\/abazari.eu\/de\/\",\"name\":\"Sascha Abazari\",\"description\":\"Su traductor e int\u00e9rprete jurado en Tenerife\",\"publisher\":{\"@id\":\"https:\/\/abazari.eu\/de\/#organization\"},\"potentialAction\":[{\"@type\":\"SearchAction\",\"target\":{\"@type\":\"EntryPoint\",\"urlTemplate\":\"https:\/\/abazari.eu\/de\/?s={search_term_string}\"},\"query-input\":{\"@type\":\"PropertyValueSpecification\",\"valueRequired\":true,\"valueName\":\"search_term_string\"}}],\"inLanguage\":\"de\"},{\"@type\":\"Organization\",\"@id\":\"https:\/\/abazari.eu\/de\/#organization\",\"name\":\"Sascha Abazari\",\"url\":\"https:\/\/abazari.eu\/de\/\",\"logo\":{\"@type\":\"ImageObject\",\"inLanguage\":\"de\",\"@id\":\"https:\/\/abazari.eu\/de\/#\/schema\/logo\/image\/\",\"url\":\"https:\/\/abazari.eu\/wp-content\/uploads\/2023\/10\/sascha-abazari-logo.png\",\"contentUrl\":\"https:\/\/abazari.eu\/wp-content\/uploads\/2023\/10\/sascha-abazari-logo.png\",\"width\":1657,\"height\":323,\"caption\":\"Sascha Abazari\"},\"image\":{\"@id\":\"https:\/\/abazari.eu\/de\/#\/schema\/logo\/image\/\"}}]}<\/script>\n<!-- \/ Yoast SEO Premium plugin. -->","yoast_head_json":{"title":"Cookie-Richtlinie - Sascha Abazari","description":"Abazari.eu Seite Cookies Politik. Beeidigte\/juristische \u00dcbersetzungsdienste f\u00fcr Unternehmen und Privatpersonen auf den Kanarischen Inseln.","robots":{"index":"noindex","follow":"follow"},"og_locale":"de_DE","og_type":"article","og_title":"Cookie-Richtlinie","og_description":"Abazari.eu Seite Cookies Politik. Beeidigte\/juristische \u00dcbersetzungsdienste f\u00fcr Unternehmen und Privatpersonen auf den Kanarischen Inseln.","og_url":"https:\/\/abazari.eu\/de\/cookie-richtlinie\/","og_site_name":"Sascha Abazari","article_modified_time":"2023-12-27T14:57:24+00:00","twitter_card":"summary_large_image","twitter_misc":{"Gesch\u00e4tzte Lesezeit":"3\u00a0Minuten"},"schema":{"@context":"https:\/\/schema.org","@graph":[{"@type":"WebPage","@id":"https:\/\/abazari.eu\/de\/cookie-richtlinie\/","url":"https:\/\/abazari.eu\/de\/cookie-richtlinie\/","name":"Cookie-Richtlinie - Sascha Abazari","isPartOf":{"@id":"https:\/\/abazari.eu\/de\/#website"},"datePublished":"2023-10-23T09:57:45+00:00","dateModified":"2023-12-27T14:57:24+00:00","description":"Abazari.eu Seite Cookies Politik. Beeidigte\/juristische \u00dcbersetzungsdienste f\u00fcr Unternehmen und Privatpersonen auf den Kanarischen Inseln.","breadcrumb":{"@id":"https:\/\/abazari.eu\/de\/cookie-richtlinie\/#breadcrumb"},"inLanguage":"de","potentialAction":[{"@type":"ReadAction","target":["https:\/\/abazari.eu\/de\/cookie-richtlinie\/"]}]},{"@type":"BreadcrumbList","@id":"https:\/\/abazari.eu\/de\/cookie-richtlinie\/#breadcrumb","itemListElement":[{"@type":"ListItem","position":1,"name":"Portada","item":"https:\/\/abazari.eu\/de\/"},{"@type":"ListItem","position":2,"name":"Cookie-Richtlinie"}]},{"@type":"WebSite","@id":"https:\/\/abazari.eu\/de\/#website","url":"https:\/\/abazari.eu\/de\/","name":"Sascha Abazari","description":"Su traductor e int\u00e9rprete jurado en Tenerife","publisher":{"@id":"https:\/\/abazari.eu\/de\/#organization"},"potentialAction":[{"@type":"SearchAction","target":{"@type":"EntryPoint","urlTemplate":"https:\/\/abazari.eu\/de\/?s={search_term_string}"},"query-input":{"@type":"PropertyValueSpecification","valueRequired":true,"valueName":"search_term_string"}}],"inLanguage":"de"},{"@type":"Organization","@id":"https:\/\/abazari.eu\/de\/#organization","name":"Sascha Abazari","url":"https:\/\/abazari.eu\/de\/","logo":{"@type":"ImageObject","inLanguage":"de","@id":"https:\/\/abazari.eu\/de\/#\/schema\/logo\/image\/","url":"https:\/\/abazari.eu\/wp-content\/uploads\/2023\/10\/sascha-abazari-logo.png","contentUrl":"https:\/\/abazari.eu\/wp-content\/uploads\/2023\/10\/sascha-abazari-logo.png","width":1657,"height":323,"caption":"Sascha Abazari"},"image":{"@id":"https:\/\/abazari.eu\/de\/#\/schema\/logo\/image\/"}}]}},"_links":{"self":[{"href":"https:\/\/abazari.eu\/de\/wp-json\/wp\/v2\/pages\/866","targetHints":{"allow":["GET"]}}],"collection":[{"href":"https:\/\/abazari.eu\/de\/wp-json\/wp\/v2\/pages"}],"about":[{"href":"https:\/\/abazari.eu\/de\/wp-json\/wp\/v2\/types\/page"}],"author":[{"embeddable":true,"href":"https:\/\/abazari.eu\/de\/wp-json\/wp\/v2\/users\/2"}],"replies":[{"embeddable":true,"href":"https:\/\/abazari.eu\/de\/wp-json\/wp\/v2\/comments?post=866"}],"version-history":[{"count":1,"href":"https:\/\/abazari.eu\/de\/wp-json\/wp\/v2\/pages\/866\/revisions"}],"predecessor-version":[{"id":867,"href":"https:\/\/abazari.eu\/de\/wp-json\/wp\/v2\/pages\/866\/revisions\/867"}],"wp:attachment":[{"href":"https:\/\/abazari.eu\/de\/wp-json\/wp\/v2\/media?parent=866"}],"curies":[{"name":"wp","href":"https:\/\/api.w.org\/{rel}","templated":true}]}}