{"id":861,"date":"2023-10-06T08:11:19","date_gmt":"2023-10-06T06:11:19","guid":{"rendered":"https:\/\/abazari.eu\/erreichbarkeit\/"},"modified":"2023-12-27T15:57:21","modified_gmt":"2023-12-27T14:57:21","slug":"erreichbarkeit","status":"publish","type":"page","link":"https:\/\/abazari.eu\/de\/erreichbarkeit\/","title":{"rendered":"Erreichbarkeit"},"content":{"rendered":"\n<h2 class=\"wp-block-heading\" id=\"h-declaracion-de-accesibilidad\">Erkl\u00e4rung zur Zug\u00e4nglichkeit<\/h2>\n\n<p><strong>Abazari <\/strong>verpflichtet sich, diese Website gem\u00e4\u00df dem <a style=\"\" href=\"https:\/\/www.boe.es\/diario_boe\/txt.php?id=BOE-A-2018-12699\">K\u00f6niglichen Erlass 1112\/2018<\/a> vom <em>7. September \u00fcber die Zug\u00e4nglichkeit von Websites und Anwendungen des \u00f6ffentlichen Sektors f\u00fcr mobile Ger\u00e4te<\/em> zug\u00e4nglich zu machen.<\/p>\n\n<h3 class=\"wp-block-heading\" id=\"h-situacion-de-cumplimiento\">Stand der Einhaltung<\/h3>\n\n<p>Diese Website <strong>entspricht teilweise der<\/strong> <a href=\"https:\/\/www.boe.es\/diario_boe\/txt.php?id=BOE-A-2018-12699\">RD 1112\/2018<\/a> aufgrund der Ausnahmen und der Nichteinhaltung der unten aufgef\u00fchrten Aspekte.<\/p>\n\n<h3 class=\"wp-block-heading\" id=\"h-contenido-no-accesible\">Inhalt nicht zug\u00e4nglich<\/h3>\n\n<p>Der nachstehende Inhalt ist aus den folgenden Gr\u00fcnden nicht zug\u00e4nglich:<\/p>\n\n<ul class=\"wp-block-list\">\n<li><strong>Nichteinhaltung des RD 1112\/2018<\/strong>\n<ul class=\"wp-block-list\">\n<li>Aufgrund der Automatisierung einiger Ver\u00f6ffentlichungen kann es Seiten mit falscher Verschachtelung von HTML-Tags geben.<\/li>\n\n\n\n<li>Es gibt Dokumente im PDF-Format, die nicht den Normen entsprechen, von denen einige eine HTML-Alternative in Textform haben, die den Normen entspricht.<\/li>\n\n\n\n<li>Das Portal kann Inhalte in anderen Sprachen enthalten, bei denen der Sprachwechsel nicht korrekt gekennzeichnet ist.<\/li>\n<\/ul>\n<\/li>\n\n\n\n<li><strong>Unverh\u00e4ltnism\u00e4\u00dfige Belastung<\/strong>\n<ul class=\"wp-block-list\">\n<li>Nicht anwendbar.<\/li>\n<\/ul>\n<\/li>\n\n\n\n<li><\/li>\n\n\n\n<li><\/li>\n<\/ul>\n\n<h3 class=\"wp-block-heading\" id=\"h-preparacion-de-la-presente-declaracion-de-accesibilidad\">Erstellung dieser Zug\u00e4nglichkeitserkl\u00e4rung<\/h3>\n\n<p>Diese Erkl\u00e4rung zur Zug\u00e4nglichkeit wurde am 17. November 2023 erstellt.<\/p>\n\n<p>Die Methode, die f\u00fcr die vorliegende Erkl\u00e4rung verwendet wurde, war eine Selbsteinsch\u00e4tzung, die von <strong>\n  <a href=\"https:\/\/commatica.es\/\">Commatica Soluciones Inform\u00e1ticas.<\/a>\n<\/strong><\/p>\n\n<p>Letzte \u00dcberarbeitung der Erkl\u00e4rung: 17. November 2023<\/p>\n\n<h3 class=\"wp-block-heading\" id=\"h-observaciones-y-datos-de-contacto\">Bemerkungen und Kontaktangaben<\/h3>\n\n<p>Sie k\u00f6nnen <strong>Mitteilungen<\/strong> \u00fcber Anforderungen an die Zug\u00e4nglichkeit (Artikel 10.2.a des RD 1112\/2018) machen, wie z. B.:<\/p>\n\n<ul class=\"wp-block-list\">\n<li>Melden Sie m\u00f6gliche Verst\u00f6\u00dfe auf dieser Website<\/li>\n\n\n\n<li>\u00dcbermittlung anderer <strong>Schwierigkeiten beim Zugang zu<\/strong> Inhalten<\/li>\n\n\n\n<li>Stellen Sie weitere <strong>Fragen oder Verbesserungsvorschl\u00e4ge<\/strong> bez\u00fcglich der Zug\u00e4nglichkeit der Website.<\/li>\n<\/ul>\n\n<p>\u00fcber das <a href=\"https:\/\/abazari.eu\/contact\/\"><strong>Kontakt-Formular<\/strong> <\/a>Formular auf dieser Website.<\/p>\n\n<p>Die Mitteilungen werden von <strong>Abazari <\/strong>entgegengenommen und bearbeitet, um eine rasche L\u00f6sung zu erm\u00f6glichen.<\/p>\n\n<p><strong>Ersuchen um zug\u00e4ngliche Informationen und Beschwerden<\/strong>: Sie werden gepr\u00fcft und schriftlich beantwortet.<\/p>\n\n<h3 class=\"wp-block-heading\" id=\"h-contenido-opcional\">Fakultativer Inhalt<\/h3>\n\n<p>Diese Website:<\/p>\n\n<ul class=\"wp-block-list\">\n<li>Sie wurde unter Ber\u00fccksichtigung der aktuellen Normen und Vorschriften in Bezug auf die Zug\u00e4nglichkeit entwickelt und entspricht den in den Web Content Accessibility Guidelines (WCAG 2.1) definierten Pr\u00fcfpunkten der Priorit\u00e4t 2 (AA).<\/li>\n\n\n\n<li>Es erf\u00fcllt die Anforderungen der Norm UNE-EN 301549:2019 unter Ber\u00fccksichtigung der Ausnahmen des K\u00f6niglichen Dekrets 1112\/2018.<\/li>\n\n\n\n<li>Sie ist so konzipiert, dass sie auf Desktop-, Tablet- und Mobilger\u00e4ten bei einer Mindestaufl\u00f6sung von 1280\u00d71024 korrekt angezeigt wird.<\/li>\n\n\n\n<li>Sie wurde unter Verwendung von HTML5 als Auszeichnungssprache und CSS 3 Style Sheets f\u00fcr ihr Design erstellt.<\/li>\n\n\n\n<li>Es ist f\u00fcr die Verwendung mit nicht-intrusivem Javascript konzipiert und bietet, falls Ihr Browser es nicht unterst\u00fctzt, eine entsprechende Alternative ohne Javascript.<\/li>\n<\/ul>\n\n<h3 class=\"wp-block-heading\" id=\"h-tamano-del-texto\">Textgr\u00f6\u00dfe<\/h3>\n\n<p>Es wurden relative Schriftgr\u00f6\u00dfen verwendet, so dass der Benutzer, wenn er eine gr\u00f6\u00dfere Schrift bevorzugt, diese \u00fcber die Textgr\u00f6\u00dfenoptionen seines Browsers ausw\u00e4hlen kann, normalerweise <strong>\n  <em>Strg+<\/em>\n<\/strong> (Strg+) zum Vergr\u00f6\u00dfern, <strong>\n  <em>Strg-<\/em>\n<\/strong> (Strg minus) zum Verkleinern.<\/p>\n\n<h3 class=\"wp-block-heading\" id=\"h-estructura-de-las-paginas\">Struktur der Seite<\/h3>\n\n<p>Dieses Portal hat ein gemeinsames Format f\u00fcr alle Seiten, so dass die Einarbeitung in den Inhalt der Seiten einfach ist und die Navigation f\u00fcr Personen, die auf <em>technische Hilfsmittel<\/em> angewiesen sind, erleichtert wird.<\/p>\n\n<p>Die Seiten setzen sich im Wesentlichen aus den folgenden Bereichen zusammen:<\/p>\n\n<ul class=\"wp-block-list\">\n<li><strong>\n  <em>Kopfzeile<\/em>\n<\/strong>mit Zugang zur Homepage, Kontaktformular, Zugang zur ko-offiziellen und zur englischen Version sowie einer erweiterten Suchmaschine.<\/li>\n\n\n\n<li><strong>\n  <em>Hauptnavigationsmen\u00fc<\/em>\n<\/strong>mit den wichtigsten Optionen der Website<\/li>\n\n\n\n<li><strong>\n  <em>Zentraler Inhaltsbereich<\/em>\n<\/strong> der je nachdem, ob es sich um die Hauptseite der Website, eine Unterseite, eine Zusammenfassung, ein Dokument oder eine erweiterte Suchmaschine handelt, unterschiedlich ist.<\/li>\n\n\n\n<li><strong>\n  <em>Fu\u00dfzeile<\/em>\n<\/strong>die die Informationen von <strong>Abazari<\/strong> enth\u00e4lt<\/li>\n<\/ul>\n\n<h3 class=\"wp-block-heading\" id=\"h-teclas-de-acceso-rapido\">Schnellzugriffstasten<\/h3>\n\n<p>Dieses Portal verf\u00fcgt \u00fcber die folgenden Tastenkombinationen, mit denen Sie einfacher durch die wichtigsten Bereiche des Portals navigieren k\u00f6nnen:<\/p>\n\n<figure class=\"wp-block-table\"><table><thead><tr><th>Schl\u00fcssel<\/th><th>Funktion<\/th><\/tr><\/thead><tbody><tr><th>0<\/th><td>Zur Startseite gehen<\/td><\/tr><tr><th>1<\/th><td>Zum Hauptinhalt springen<\/td><\/tr><tr><th>2<\/th><td>Zur \u00fcbergeordneten Bereichsnavigation wechseln<\/td><\/tr><tr><th>3<\/th><td>Zu diesem Dokument gehen<\/td><\/tr><tr><th>6<\/th><td>Weiter zu Kontakt<\/td><\/tr><tr><th>7<\/th><td>Gehen Sie zur Kopfzeile der Suchmaschine<\/td><\/tr><tr><th>B<\/th><td>Zur erweiterten Suche gehen<\/td><\/tr><tr><th>N<\/th><td>Weiter zum Link <em>Senden<\/em><\/td><\/tr><tr><th>I<\/th><td>Weiter zum Link <em>Drucken<\/em><\/td><\/tr><tr><th>R<\/th><td>Gehen Sie auf den inneren Seiten zur Gruppe der Schaltfl\u00e4chen, um den Inhalt in den sozialen Netzwerken zu teilen.<\/td><\/tr><tr><th>S<\/th><td>Zu den rechtlichen Hinweisen<\/td><\/tr><\/tbody><\/table><\/figure>\n","protected":false},"excerpt":{"rendered":"<p>Erkl\u00e4rung zur Zug\u00e4nglichkeit Abazari verpflichtet sich, diese Website gem\u00e4\u00df dem K\u00f6niglichen Erlass 1112\/2018 vom 7. September \u00fcber die Zug\u00e4nglichkeit von Websites und Anwendungen des \u00f6ffentlichen Sektors f\u00fcr mobile Ger\u00e4te zug\u00e4nglich zu machen. Stand der Einhaltung Diese Website entspricht teilweise der RD 1112\/2018 aufgrund der Ausnahmen und der Nichteinhaltung der unten aufgef\u00fchrten Aspekte. Inhalt nicht zug\u00e4nglich [&hellip;]<\/p>\n","protected":false},"author":2,"featured_media":0,"parent":0,"menu_order":0,"comment_status":"closed","ping_status":"closed","template":"","meta":{"footnotes":""},"class_list":["post-861","page","type-page","status-publish","hentry"],"yoast_head":"<!-- This site is optimized with the Yoast SEO Premium plugin v20.6 (Yoast SEO v24.7) - https:\/\/yoast.com\/wordpress\/plugins\/seo\/ -->\n<title>Erreichbarkeit - Sascha Abazari<\/title>\n<meta name=\"robots\" content=\"index, follow, max-snippet:-1, max-image-preview:large, max-video-preview:-1\" \/>\n<link rel=\"canonical\" href=\"https:\/\/abazari.eu\/de\/erreichbarkeit\/\" \/>\n<meta property=\"og:locale\" content=\"de_DE\" \/>\n<meta property=\"og:type\" content=\"article\" \/>\n<meta property=\"og:title\" content=\"Erreichbarkeit\" \/>\n<meta property=\"og:description\" content=\"Erkl\u00e4rung zur Zug\u00e4nglichkeit Abazari verpflichtet sich, diese Website gem\u00e4\u00df dem K\u00f6niglichen Erlass 1112\/2018 vom 7. September \u00fcber die Zug\u00e4nglichkeit von Websites und Anwendungen des \u00f6ffentlichen Sektors f\u00fcr mobile Ger\u00e4te zug\u00e4nglich zu machen. Stand der Einhaltung Diese Website entspricht teilweise der RD 1112\/2018 aufgrund der Ausnahmen und der Nichteinhaltung der unten aufgef\u00fchrten Aspekte. Inhalt nicht zug\u00e4nglich [&hellip;]\" \/>\n<meta property=\"og:url\" content=\"https:\/\/abazari.eu\/de\/erreichbarkeit\/\" \/>\n<meta property=\"og:site_name\" content=\"Sascha Abazari\" \/>\n<meta property=\"article:modified_time\" content=\"2023-12-27T14:57:21+00:00\" \/>\n<meta name=\"twitter:card\" content=\"summary_large_image\" \/>\n<meta name=\"twitter:label1\" content=\"Gesch\u00e4tzte Lesezeit\" \/>\n\t<meta name=\"twitter:data1\" content=\"3\u00a0Minuten\" \/>\n<script type=\"application\/ld+json\" class=\"yoast-schema-graph\">{\"@context\":\"https:\/\/schema.org\",\"@graph\":[{\"@type\":\"WebPage\",\"@id\":\"https:\/\/abazari.eu\/de\/erreichbarkeit\/\",\"url\":\"https:\/\/abazari.eu\/de\/erreichbarkeit\/\",\"name\":\"Erreichbarkeit - Sascha Abazari\",\"isPartOf\":{\"@id\":\"https:\/\/abazari.eu\/de\/#website\"},\"datePublished\":\"2023-10-06T06:11:19+00:00\",\"dateModified\":\"2023-12-27T14:57:21+00:00\",\"breadcrumb\":{\"@id\":\"https:\/\/abazari.eu\/de\/erreichbarkeit\/#breadcrumb\"},\"inLanguage\":\"de\",\"potentialAction\":[{\"@type\":\"ReadAction\",\"target\":[\"https:\/\/abazari.eu\/de\/erreichbarkeit\/\"]}]},{\"@type\":\"BreadcrumbList\",\"@id\":\"https:\/\/abazari.eu\/de\/erreichbarkeit\/#breadcrumb\",\"itemListElement\":[{\"@type\":\"ListItem\",\"position\":1,\"name\":\"Portada\",\"item\":\"https:\/\/abazari.eu\/de\/\"},{\"@type\":\"ListItem\",\"position\":2,\"name\":\"Erreichbarkeit\"}]},{\"@type\":\"WebSite\",\"@id\":\"https:\/\/abazari.eu\/de\/#website\",\"url\":\"https:\/\/abazari.eu\/de\/\",\"name\":\"Sascha Abazari\",\"description\":\"Su traductor e int\u00e9rprete jurado en Tenerife\",\"publisher\":{\"@id\":\"https:\/\/abazari.eu\/de\/#organization\"},\"potentialAction\":[{\"@type\":\"SearchAction\",\"target\":{\"@type\":\"EntryPoint\",\"urlTemplate\":\"https:\/\/abazari.eu\/de\/?s={search_term_string}\"},\"query-input\":{\"@type\":\"PropertyValueSpecification\",\"valueRequired\":true,\"valueName\":\"search_term_string\"}}],\"inLanguage\":\"de\"},{\"@type\":\"Organization\",\"@id\":\"https:\/\/abazari.eu\/de\/#organization\",\"name\":\"Sascha Abazari\",\"url\":\"https:\/\/abazari.eu\/de\/\",\"logo\":{\"@type\":\"ImageObject\",\"inLanguage\":\"de\",\"@id\":\"https:\/\/abazari.eu\/de\/#\/schema\/logo\/image\/\",\"url\":\"https:\/\/abazari.eu\/wp-content\/uploads\/2023\/10\/sascha-abazari-logo.png\",\"contentUrl\":\"https:\/\/abazari.eu\/wp-content\/uploads\/2023\/10\/sascha-abazari-logo.png\",\"width\":1657,\"height\":323,\"caption\":\"Sascha Abazari\"},\"image\":{\"@id\":\"https:\/\/abazari.eu\/de\/#\/schema\/logo\/image\/\"}}]}<\/script>\n<!-- \/ Yoast SEO Premium plugin. -->","yoast_head_json":{"title":"Erreichbarkeit - Sascha Abazari","robots":{"index":"index","follow":"follow","max-snippet":"max-snippet:-1","max-image-preview":"max-image-preview:large","max-video-preview":"max-video-preview:-1"},"canonical":"https:\/\/abazari.eu\/de\/erreichbarkeit\/","og_locale":"de_DE","og_type":"article","og_title":"Erreichbarkeit","og_description":"Erkl\u00e4rung zur Zug\u00e4nglichkeit Abazari verpflichtet sich, diese Website gem\u00e4\u00df dem K\u00f6niglichen Erlass 1112\/2018 vom 7. September \u00fcber die Zug\u00e4nglichkeit von Websites und Anwendungen des \u00f6ffentlichen Sektors f\u00fcr mobile Ger\u00e4te zug\u00e4nglich zu machen. Stand der Einhaltung Diese Website entspricht teilweise der RD 1112\/2018 aufgrund der Ausnahmen und der Nichteinhaltung der unten aufgef\u00fchrten Aspekte. Inhalt nicht zug\u00e4nglich [&hellip;]","og_url":"https:\/\/abazari.eu\/de\/erreichbarkeit\/","og_site_name":"Sascha Abazari","article_modified_time":"2023-12-27T14:57:21+00:00","twitter_card":"summary_large_image","twitter_misc":{"Gesch\u00e4tzte Lesezeit":"3\u00a0Minuten"},"schema":{"@context":"https:\/\/schema.org","@graph":[{"@type":"WebPage","@id":"https:\/\/abazari.eu\/de\/erreichbarkeit\/","url":"https:\/\/abazari.eu\/de\/erreichbarkeit\/","name":"Erreichbarkeit - Sascha Abazari","isPartOf":{"@id":"https:\/\/abazari.eu\/de\/#website"},"datePublished":"2023-10-06T06:11:19+00:00","dateModified":"2023-12-27T14:57:21+00:00","breadcrumb":{"@id":"https:\/\/abazari.eu\/de\/erreichbarkeit\/#breadcrumb"},"inLanguage":"de","potentialAction":[{"@type":"ReadAction","target":["https:\/\/abazari.eu\/de\/erreichbarkeit\/"]}]},{"@type":"BreadcrumbList","@id":"https:\/\/abazari.eu\/de\/erreichbarkeit\/#breadcrumb","itemListElement":[{"@type":"ListItem","position":1,"name":"Portada","item":"https:\/\/abazari.eu\/de\/"},{"@type":"ListItem","position":2,"name":"Erreichbarkeit"}]},{"@type":"WebSite","@id":"https:\/\/abazari.eu\/de\/#website","url":"https:\/\/abazari.eu\/de\/","name":"Sascha Abazari","description":"Su traductor e int\u00e9rprete jurado en Tenerife","publisher":{"@id":"https:\/\/abazari.eu\/de\/#organization"},"potentialAction":[{"@type":"SearchAction","target":{"@type":"EntryPoint","urlTemplate":"https:\/\/abazari.eu\/de\/?s={search_term_string}"},"query-input":{"@type":"PropertyValueSpecification","valueRequired":true,"valueName":"search_term_string"}}],"inLanguage":"de"},{"@type":"Organization","@id":"https:\/\/abazari.eu\/de\/#organization","name":"Sascha Abazari","url":"https:\/\/abazari.eu\/de\/","logo":{"@type":"ImageObject","inLanguage":"de","@id":"https:\/\/abazari.eu\/de\/#\/schema\/logo\/image\/","url":"https:\/\/abazari.eu\/wp-content\/uploads\/2023\/10\/sascha-abazari-logo.png","contentUrl":"https:\/\/abazari.eu\/wp-content\/uploads\/2023\/10\/sascha-abazari-logo.png","width":1657,"height":323,"caption":"Sascha Abazari"},"image":{"@id":"https:\/\/abazari.eu\/de\/#\/schema\/logo\/image\/"}}]}},"_links":{"self":[{"href":"https:\/\/abazari.eu\/de\/wp-json\/wp\/v2\/pages\/861","targetHints":{"allow":["GET"]}}],"collection":[{"href":"https:\/\/abazari.eu\/de\/wp-json\/wp\/v2\/pages"}],"about":[{"href":"https:\/\/abazari.eu\/de\/wp-json\/wp\/v2\/types\/page"}],"author":[{"embeddable":true,"href":"https:\/\/abazari.eu\/de\/wp-json\/wp\/v2\/users\/2"}],"replies":[{"embeddable":true,"href":"https:\/\/abazari.eu\/de\/wp-json\/wp\/v2\/comments?post=861"}],"version-history":[{"count":1,"href":"https:\/\/abazari.eu\/de\/wp-json\/wp\/v2\/pages\/861\/revisions"}],"predecessor-version":[{"id":868,"href":"https:\/\/abazari.eu\/de\/wp-json\/wp\/v2\/pages\/861\/revisions\/868"}],"wp:attachment":[{"href":"https:\/\/abazari.eu\/de\/wp-json\/wp\/v2\/media?parent=861"}],"curies":[{"name":"wp","href":"https:\/\/api.w.org\/{rel}","templated":true}]}}