{"id":853,"date":"2023-10-06T10:16:34","date_gmt":"2023-10-06T08:16:34","guid":{"rendered":"https:\/\/abazari.eu\/ueber-mich\/"},"modified":"2024-10-01T09:42:02","modified_gmt":"2024-10-01T07:42:02","slug":"ueber-mich","status":"publish","type":"page","link":"https:\/\/abazari.eu\/de\/ueber-mich\/","title":{"rendered":"\u00dcber mich"},"content":{"rendered":"\t\t<div data-elementor-type=\"wp-page\" data-elementor-id=\"853\" class=\"elementor elementor-853 elementor-64\" data-elementor-post-type=\"page\">\n\t\t\t\t<div class=\"elementor-element elementor-element-23bfdf8d e-con-full e-flex e-con e-parent\" data-id=\"23bfdf8d\" data-element_type=\"container\">\n\t\t<div class=\"elementor-element elementor-element-b3febfc e-con-full e-flex e-con e-child\" data-id=\"b3febfc\" data-element_type=\"container\">\n\t\t\t\t<div class=\"elementor-element elementor-element-2081fa83 elementor-widget elementor-widget-heading\" data-id=\"2081fa83\" data-element_type=\"widget\" data-widget_type=\"heading.default\">\n\t\t\t\t<div class=\"elementor-widget-container\">\n\t\t\t\t\t<h1 class=\"elementor-heading-title elementor-size-default\">\u00dcber mich<\/h1>\t\t\t\t<\/div>\n\t\t\t\t<\/div>\n\t\t\t\t<div class=\"elementor-element elementor-element-1420eb3 elementor-widget elementor-widget-text-editor\" data-id=\"1420eb3\" data-element_type=\"widget\" data-widget_type=\"text-editor.default\">\n\t\t\t\t<div class=\"elementor-widget-container\">\n\t\t\t\t\t\t\t\t\t<p><strong>Sascha Abazari<\/strong><\/p>\n<p><em>Vereidigter \u00dcbersetzer und Dolmetscher auf Teneriffa<\/em><\/p>\n\t\t\t\t\t\t\t\t<\/div>\n\t\t\t\t<\/div>\n\t\t\t\t<\/div>\n\t\t<div class=\"elementor-element elementor-element-79635b6b e-con-full e-flex e-con e-child\" data-id=\"79635b6b\" data-element_type=\"container\" data-settings=\"{&quot;background_background&quot;:&quot;classic&quot;}\">\n\t\t\t\t<\/div>\n\t\t\t\t<\/div>\n\t\t<div class=\"elementor-element elementor-element-76bf9fd1 e-con-full e-flex e-con e-parent\" data-id=\"76bf9fd1\" data-element_type=\"container\">\n\t\t<div class=\"elementor-element elementor-element-15791ec e-flex e-con-boxed e-con e-child\" data-id=\"15791ec\" data-element_type=\"container\">\n\t\t\t\t\t<div class=\"e-con-inner\">\n\t\t\t\t<div class=\"elementor-element elementor-element-7ffe5ac elementor-widget elementor-widget-text-editor\" data-id=\"7ffe5ac\" data-element_type=\"widget\" data-widget_type=\"text-editor.default\">\n\t\t\t\t<div class=\"elementor-widget-container\">\n\t\t\t\t\t\t\t\t\t<p>Ich habe einen Abschluss in \u00dcbersetzen und Dolmetschen von der Universit\u00e4t Las Palmas de Gran Canaria und bin vom spanischen Ministerium f\u00fcr ausw\u00e4rtige Angelegenheiten und Zusammenarbeit als vereidigte \u00dcbersetzerin und Dolmetscherin f\u00fcr Deutsch anerkannt. Ich verf\u00fcge \u00fcber mehr als f\u00fcnfzehn Jahre Erfahrung in verschiedenen Bereichen, insbesondere in rechtlichen und notariellen Angelegenheiten. Meine Kunden, sowohl Privat- und Firmenkunden als auch Banken, Notare, Rechtsanw\u00e4lte, Gerichte, Polizeidienststellen und \u00f6ffentliche Verwaltungen, sch\u00e4tzen die Professionalit\u00e4t und Zuverl\u00e4ssigkeit, die ich in jedes meiner Projekte einbringe. P\u00fcnktlichkeit und Genauigkeit sind die Maxime meiner Dienstleistung.<\/p>\n\t\t\t\t\t\t\t\t<\/div>\n\t\t\t\t<\/div>\n\t\t\t\t\t<\/div>\n\t\t\t\t<\/div>\n\t\t\t\t<\/div>\n\t\t<div class=\"elementor-element elementor-element-a5e2431 e-con-full e-flex e-con e-parent\" data-id=\"a5e2431\" data-element_type=\"container\">\n\t\t<div class=\"elementor-element elementor-element-cadcebc e-con-full e-flex e-con e-child\" data-id=\"cadcebc\" data-element_type=\"container\" data-settings=\"{&quot;background_background&quot;:&quot;classic&quot;}\">\n\t\t\t\t<\/div>\n\t\t<div class=\"elementor-element elementor-element-2c949ef e-con-full e-flex e-con e-child\" data-id=\"2c949ef\" data-element_type=\"container\">\n\t\t\t\t<div class=\"elementor-element elementor-element-0bc8f9d elementor-widget elementor-widget-heading\" data-id=\"0bc8f9d\" data-element_type=\"widget\" data-widget_type=\"heading.default\">\n\t\t\t\t<div class=\"elementor-widget-container\">\n\t\t\t\t\t<h2 class=\"elementor-heading-title elementor-size-default\">Beeidigter \u00dcbersetzer Nr. 7590<\/h2>\t\t\t\t<\/div>\n\t\t\t\t<\/div>\n\t\t\t\t<div class=\"elementor-element elementor-element-cb7aadd elementor-widget elementor-widget-text-editor\" data-id=\"cb7aadd\" data-element_type=\"widget\" data-widget_type=\"text-editor.default\">\n\t\t\t\t<div class=\"elementor-widget-container\">\n\t\t\t\t\t\t\t\t\t<p>Ein vereidigter \u00dcbersetzer hat die Befugnis, \u00dcbersetzungen und Dolmetschungen aller Art zu beglaubigen, damit sie vor den Gerichten und jeder \u00f6ffentlichen Verwaltung g\u00fcltig sind. Sie finden mich auf der offiziellen Website des spanischen Ministeriums f\u00fcr ausw\u00e4rtige Angelegenheiten und Zusammenarbeit. Ich bin auch gerne bereit, Ihnen Referenzen aus meiner bisherigen Arbeit zu nennen. In meiner Arbeit herrscht absolute Transparenz.<\/p>\n\t\t\t\t\t\t\t\t<\/div>\n\t\t\t\t<\/div>\n\t\t\t\t<\/div>\n\t\t\t\t<\/div>\n\t\t<div class=\"elementor-element elementor-element-6e9d947b e-flex e-con-boxed e-con e-parent\" data-id=\"6e9d947b\" data-element_type=\"container\">\n\t\t\t\t\t<div class=\"e-con-inner\">\n\t\t\t\t<div class=\"elementor-element elementor-element-3b3c28bf elementor-widget elementor-widget-heading\" data-id=\"3b3c28bf\" data-element_type=\"widget\" data-widget_type=\"heading.default\">\n\t\t\t\t<div class=\"elementor-widget-container\">\n\t\t\t\t\t<h2 class=\"elementor-heading-title elementor-size-default\">\u00dcbersetzungs- und Dolmetscherdienste<\/h2>\t\t\t\t<\/div>\n\t\t\t\t<\/div>\n\t\t<div class=\"elementor-element elementor-element-1103bdf9 e-con-full e-flex e-con e-child\" data-id=\"1103bdf9\" data-element_type=\"container\">\n\t\t\t\t<div class=\"elementor-element elementor-element-658423ea elementor-widget__width-initial elementor-widget-mobile__width-inherit elementor-position-top elementor-widget elementor-widget-image-box\" data-id=\"658423ea\" data-element_type=\"widget\" data-widget_type=\"image-box.default\">\n\t\t\t\t<div class=\"elementor-widget-container\">\n\t\t\t\t\t<div class=\"elementor-image-box-wrapper\"><figure class=\"elementor-image-box-img\"><img fetchpriority=\"high\" decoding=\"async\" width=\"500\" height=\"500\" src=\"https:\/\/abazari.eu\/wp-content\/uploads\/2023\/10\/TRADUCCIONES-JURADA.jpg\" class=\"elementor-animation-grow attachment-full size-full wp-image-455\" alt=\"Traducciones jurada\" srcset=\"https:\/\/abazari.eu\/wp-content\/uploads\/2023\/10\/TRADUCCIONES-JURADA.jpg 500w, https:\/\/abazari.eu\/wp-content\/uploads\/2023\/10\/TRADUCCIONES-JURADA-300x300.jpg 300w, https:\/\/abazari.eu\/wp-content\/uploads\/2023\/10\/TRADUCCIONES-JURADA-150x150.jpg 150w\" sizes=\"(max-width: 500px) 100vw, 500px\" \/><\/figure><div class=\"elementor-image-box-content\"><h4 class=\"elementor-image-box-title\">Beeidigte \u00dcbersetzung<\/h4><p class=\"elementor-image-box-description\">Ihre vertrauensw\u00fcrdige L\u00f6sung f\u00fcr beeidigte \u00dcbersetzungen auf Teneriffa<\/p><\/div><\/div>\t\t\t\t<\/div>\n\t\t\t\t<\/div>\n\t\t\t\t<div class=\"elementor-element elementor-element-38035967 elementor-widget__width-initial elementor-widget-mobile__width-inherit elementor-position-top elementor-widget elementor-widget-image-box\" data-id=\"38035967\" data-element_type=\"widget\" data-widget_type=\"image-box.default\">\n\t\t\t\t<div class=\"elementor-widget-container\">\n\t\t\t\t\t<div class=\"elementor-image-box-wrapper\"><figure class=\"elementor-image-box-img\"><img decoding=\"async\" width=\"500\" height=\"500\" src=\"https:\/\/abazari.eu\/wp-content\/uploads\/2023\/10\/interpretador.jpg\" class=\"elementor-animation-grow attachment-full size-full wp-image-457\" alt=\"\" srcset=\"https:\/\/abazari.eu\/wp-content\/uploads\/2023\/10\/interpretador.jpg 500w, https:\/\/abazari.eu\/wp-content\/uploads\/2023\/10\/interpretador-300x300.jpg 300w, https:\/\/abazari.eu\/wp-content\/uploads\/2023\/10\/interpretador-150x150.jpg 150w\" sizes=\"(max-width: 500px) 100vw, 500px\" \/><\/figure><div class=\"elementor-image-box-content\"><h4 class=\"elementor-image-box-title\">Vereidigte Auslegung<\/h4><p class=\"elementor-image-box-description\">Erfahrene vereidigte Dolmetscherin auf Teneriffa, die vom spanischen Ministerium f\u00fcr ausw\u00e4rtige Angelegenheiten und Zusammenarbeit zugelassen ist.<\/p><\/div><\/div>\t\t\t\t<\/div>\n\t\t\t\t<\/div>\n\t\t\t\t<div class=\"elementor-element elementor-element-73dd856 elementor-widget__width-initial elementor-widget-mobile__width-inherit elementor-position-top elementor-widget elementor-widget-image-box\" data-id=\"73dd856\" data-element_type=\"widget\" data-widget_type=\"image-box.default\">\n\t\t\t\t<div class=\"elementor-widget-container\">\n\t\t\t\t\t<div class=\"elementor-image-box-wrapper\"><figure class=\"elementor-image-box-img\"><img decoding=\"async\" width=\"500\" height=\"500\" src=\"https:\/\/abazari.eu\/wp-content\/uploads\/2023\/10\/canarias.jpg\" class=\"elementor-animation-grow attachment-full size-full wp-image-458\" alt=\"\" srcset=\"https:\/\/abazari.eu\/wp-content\/uploads\/2023\/10\/canarias.jpg 500w, https:\/\/abazari.eu\/wp-content\/uploads\/2023\/10\/canarias-300x300.jpg 300w, https:\/\/abazari.eu\/wp-content\/uploads\/2023\/10\/canarias-150x150.jpg 150w\" sizes=\"(max-width: 500px) 100vw, 500px\" \/><\/figure><div class=\"elementor-image-box-content\"><h4 class=\"elementor-image-box-title\">Dienstleistungen  <\/h4><p class=\"elementor-image-box-description\">Kontakt mit uns<\/p><\/div><\/div>\t\t\t\t<\/div>\n\t\t\t\t<\/div>\n\t\t\t\t<\/div>\n\t\t\t\t\t<\/div>\n\t\t\t\t<\/div>\n\t\t<div class=\"elementor-element elementor-element-7856174 e-flex e-con-boxed e-con e-parent\" data-id=\"7856174\" data-element_type=\"container\" data-settings=\"{&quot;background_background&quot;:&quot;classic&quot;}\">\n\t\t\t\t\t<div class=\"e-con-inner\">\n\t\t\t\t<div class=\"elementor-element elementor-element-5c896f69 elementor-widget elementor-widget-icon-box\" data-id=\"5c896f69\" data-element_type=\"widget\" data-widget_type=\"icon-box.default\">\n\t\t\t\t<div class=\"elementor-widget-container\">\n\t\t\t\t\t\t\t<div class=\"elementor-icon-box-wrapper\">\n\n\t\t\t\n\t\t\t\t\t\t<div class=\"elementor-icon-box-content\">\n\n\t\t\t\t\t\t\t\t\t<h3 class=\"elementor-icon-box-title\">\n\t\t\t\t\t\t<span  >\n\t\t\t\t\t\t\tBeeidigte \u00dcbersetzung auf den Kanarischen Inseln\t\t\t\t\t\t<\/span>\n\t\t\t\t\t<\/h3>\n\t\t\t\t\n\t\t\t\t\t\t\t\t\t<p class=\"elementor-icon-box-description\">\n\t\t\t\t\t\tDolmetschen und beeidigte \u00dcbersetzung\t\t\t\t\t<\/p>\n\t\t\t\t\n\t\t\t<\/div>\n\t\t\t\n\t\t<\/div>\n\t\t\t\t\t\t<\/div>\n\t\t\t\t<\/div>\n\t\t\t\t\t<\/div>\n\t\t\t\t<\/div>\n\t\t<div class=\"elementor-element elementor-element-50dbce45 e-flex e-con-boxed e-con e-parent\" data-id=\"50dbce45\" data-element_type=\"container\">\n\t\t\t\t\t<div class=\"e-con-inner\">\n\t\t\t\t<div class=\"elementor-element elementor-element-4bda2ee8 elementor-widget elementor-widget-heading\" data-id=\"4bda2ee8\" data-element_type=\"widget\" data-widget_type=\"heading.default\">\n\t\t\t\t<div class=\"elementor-widget-container\">\n\t\t\t\t\t<h2 class=\"elementor-heading-title elementor-size-default\">Unsere Kunden sprechen \u00fcber<\/h2>\t\t\t\t<\/div>\n\t\t\t\t<\/div>\n\t\t<div class=\"elementor-element elementor-element-3d6a4f6a e-con-full e-flex e-con e-child\" data-id=\"3d6a4f6a\" data-element_type=\"container\">\n\t\t\t\t<div class=\"elementor-element elementor-element-2ceeff43 elementor-widget__width-initial elementor-widget-tablet__width-inherit elementor-widget elementor-widget-testimonial\" data-id=\"2ceeff43\" data-element_type=\"widget\" data-widget_type=\"testimonial.default\">\n\t\t\t\t<div class=\"elementor-widget-container\">\n\t\t\t\t\t\t\t<div class=\"elementor-testimonial-wrapper\">\n\t\t\t\t\t\t\t<div class=\"elementor-testimonial-content\"><p>\"Ich habe Abazari als vereidigten Dolmetscher in einer wichtigen Rechtsangelegenheit engagiert. Ich bin von ihrer Professionalit\u00e4t und Genauigkeit beeindruckt. Sie haben meine Fristen eingehalten und mir einen qualitativ hochwertigen Service geboten. Zweifellos sind sie meine erste Wahl f\u00fcr k\u00fcnftige Dolmetscheins\u00e4tze.\"<\/p>\n<\/div>\n\t\t\t\n\t\t\t\t\t\t<div class=\"elementor-testimonial-meta elementor-has-image elementor-testimonial-image-position-aside\">\n\t\t\t\t<div class=\"elementor-testimonial-meta-inner\">\n\t\t\t\t\t\t\t\t\t\t\t<div class=\"elementor-testimonial-image\">\n\t\t\t\t\t\t\t<img loading=\"lazy\" decoding=\"async\" width=\"38\" height=\"38\" src=\"https:\/\/abazari.eu\/wp-content\/uploads\/2023\/10\/information_ico.svg\" class=\"attachment-full size-full wp-image-69\" alt=\"\" \/>\t\t\t\t\t\t<\/div>\n\t\t\t\t\t\n\t\t\t\t\t\t\t\t\t\t<div class=\"elementor-testimonial-details\">\n\t\t\t\t\t\t\t\t\t\t\t\t\t\t<div class=\"elementor-testimonial-name\">marta l\u00f3pez<\/div>\n\t\t\t\t\t\t\t\t\t\t\t\t\t\t\t\t\t\t\t<\/div>\n\t\t\t\t\t\t\t\t\t<\/div>\n\t\t\t<\/div>\n\t\t\t\t\t<\/div>\n\t\t\t\t\t\t<\/div>\n\t\t\t\t<\/div>\n\t\t\t\t<div class=\"elementor-element elementor-element-59880c1f elementor-widget__width-initial elementor-widget-tablet__width-inherit elementor-widget elementor-widget-testimonial\" data-id=\"59880c1f\" data-element_type=\"widget\" data-widget_type=\"testimonial.default\">\n\t\t\t\t<div class=\"elementor-widget-container\">\n\t\t\t\t\t\t\t<div class=\"elementor-testimonial-wrapper\">\n\t\t\t\t\t\t\t<div class=\"elementor-testimonial-content\"><p>\"Als Inhaber eines Unternehmens, das mit internationalen Kunden zusammenarbeitet, ben\u00f6tigte ich regelm\u00e4\u00dfig beeidigte Dolmetscherdienste. Abazari Sworn Interpreter auf den Kanarischen Inseln ist seit Jahren unser zuverl\u00e4ssiger Partner. Sie erf\u00fcllen stets unsere Erwartungen und liefern genaue und authentische Dolmetschleistungen.\"<\/p>\n<\/div>\n\t\t\t\n\t\t\t\t\t\t<div class=\"elementor-testimonial-meta elementor-has-image elementor-testimonial-image-position-aside\">\n\t\t\t\t<div class=\"elementor-testimonial-meta-inner\">\n\t\t\t\t\t\t\t\t\t\t\t<div class=\"elementor-testimonial-image\">\n\t\t\t\t\t\t\t<img loading=\"lazy\" decoding=\"async\" width=\"38\" height=\"38\" src=\"https:\/\/abazari.eu\/wp-content\/uploads\/2023\/10\/information_ico.svg\" class=\"attachment-full size-full wp-image-69\" alt=\"\" \/>\t\t\t\t\t\t<\/div>\n\t\t\t\t\t\n\t\t\t\t\t\t\t\t\t\t<div class=\"elementor-testimonial-details\">\n\t\t\t\t\t\t\t\t\t\t\t\t\t\t<div class=\"elementor-testimonial-name\">Juan Antonio Martinez<\/div>\n\t\t\t\t\t\t\t\t\t\t\t\t\t\t\t\t\t\t\t<\/div>\n\t\t\t\t\t\t\t\t\t<\/div>\n\t\t\t<\/div>\n\t\t\t\t\t<\/div>\n\t\t\t\t\t\t<\/div>\n\t\t\t\t<\/div>\n\t\t\t\t<div class=\"elementor-element elementor-element-7bc5d424 elementor-widget__width-initial elementor-widget-tablet__width-inherit elementor-widget elementor-widget-testimonial\" data-id=\"7bc5d424\" data-element_type=\"widget\" data-widget_type=\"testimonial.default\">\n\t\t\t\t<div class=\"elementor-widget-container\">\n\t\t\t\t\t\t\t<div class=\"elementor-testimonial-wrapper\">\n\t\t\t\t\t\t\t<div class=\"elementor-testimonial-content\"><p>\"Ich kann Abazari nur empfehlen. Ihr Team von beeidigten Dolmetschern auf Teneriffa ist au\u00dfergew\u00f6hnlich. Ich habe ihre Dienste in verschiedenen juristischen Zusammenh\u00e4ngen in Anspruch genommen und sie haben sich immer als Experten auf ihrem Gebiet erwiesen. Qualit\u00e4t und P\u00fcnktlichkeit sind ihr Markenzeichen. Zweifellos sind sie die beste Wahl auf der Insel\".<\/p>\n<\/div>\n\t\t\t\n\t\t\t\t\t\t<div class=\"elementor-testimonial-meta elementor-has-image elementor-testimonial-image-position-aside\">\n\t\t\t\t<div class=\"elementor-testimonial-meta-inner\">\n\t\t\t\t\t\t\t\t\t\t\t<div class=\"elementor-testimonial-image\">\n\t\t\t\t\t\t\t<img loading=\"lazy\" decoding=\"async\" width=\"38\" height=\"38\" src=\"https:\/\/abazari.eu\/wp-content\/uploads\/2023\/10\/information_ico.svg\" class=\"attachment-full size-full wp-image-69\" alt=\"\" \/>\t\t\t\t\t\t<\/div>\n\t\t\t\t\t\n\t\t\t\t\t\t\t\t\t\t<div class=\"elementor-testimonial-details\">\n\t\t\t\t\t\t\t\t\t\t\t\t\t\t<div class=\"elementor-testimonial-name\">Pedro Garcia<\/div>\n\t\t\t\t\t\t\t\t\t\t\t\t\t\t\t\t\t\t\t<\/div>\n\t\t\t\t\t\t\t\t\t<\/div>\n\t\t\t<\/div>\n\t\t\t\t\t<\/div>\n\t\t\t\t\t\t<\/div>\n\t\t\t\t<\/div>\n\t\t\t\t<\/div>\n\t\t\t\t\t<\/div>\n\t\t\t\t<\/div>\n\t\t\t\t<\/div>\n\t\t","protected":false},"excerpt":{"rendered":"<p>\u00dcber mich Sascha Abazari Vereidigter \u00dcbersetzer und Dolmetscher auf Teneriffa Ich habe einen Abschluss in \u00dcbersetzen und Dolmetschen von der Universit\u00e4t Las Palmas de Gran Canaria und bin vom spanischen Ministerium f\u00fcr ausw\u00e4rtige Angelegenheiten und Zusammenarbeit als vereidigte \u00dcbersetzerin und Dolmetscherin f\u00fcr Deutsch anerkannt. Ich verf\u00fcge \u00fcber mehr als f\u00fcnfzehn Jahre Erfahrung in verschiedenen Bereichen, [&hellip;]<\/p>\n","protected":false},"author":1,"featured_media":858,"parent":0,"menu_order":0,"comment_status":"closed","ping_status":"closed","template":"elementor_header_footer","meta":{"footnotes":""},"class_list":["post-853","page","type-page","status-publish","has-post-thumbnail","hentry"],"yoast_head":"<!-- This site is optimized with the Yoast SEO Premium plugin v20.6 (Yoast SEO v24.7) - https:\/\/yoast.com\/wordpress\/plugins\/seo\/ -->\n<title>\u00dcber mich - Sascha Abazari<\/title>\n<meta name=\"description\" content=\"Abazari - Vereidigter \u00dcbersetzer und Dolmetscher f\u00fcr Deutsch auf den Kanaren. Mehr als f\u00fcnfzehn Jahre Erfahrung im Bereich der \u00dcbersetzung und qualitativ hochwertiger vereidigter Dienstleistungen. Ihr zuverl\u00e4ssiger Partner f\u00fcr pr\u00e4zise und authentische Kommunikation in Deutsch und Spanisch.\" \/>\n<meta name=\"robots\" content=\"index, follow, max-snippet:-1, max-image-preview:large, max-video-preview:-1\" \/>\n<link rel=\"canonical\" href=\"https:\/\/abazari.eu\/de\/ueber-mich\/\" \/>\n<meta property=\"og:locale\" content=\"de_DE\" \/>\n<meta property=\"og:type\" content=\"article\" \/>\n<meta property=\"og:title\" content=\"\u00dcber mich\" \/>\n<meta property=\"og:description\" content=\"Abazari - Vereidigter \u00dcbersetzer und Dolmetscher f\u00fcr Deutsch auf den Kanaren. Mehr als f\u00fcnfzehn Jahre Erfahrung im Bereich der \u00dcbersetzung und qualitativ hochwertiger vereidigter Dienstleistungen. Ihr zuverl\u00e4ssiger Partner f\u00fcr pr\u00e4zise und authentische Kommunikation in Deutsch und Spanisch.\" \/>\n<meta property=\"og:url\" content=\"https:\/\/abazari.eu\/de\/ueber-mich\/\" \/>\n<meta property=\"og:site_name\" content=\"Sascha Abazari\" \/>\n<meta property=\"article:modified_time\" content=\"2024-10-01T07:42:02+00:00\" \/>\n<meta property=\"og:image\" content=\"https:\/\/abazari.eu\/wp-content\/uploads\/2023\/10\/canarias.jpg\" \/>\n\t<meta property=\"og:image:width\" content=\"500\" \/>\n\t<meta property=\"og:image:height\" content=\"500\" \/>\n\t<meta property=\"og:image:type\" content=\"image\/jpeg\" \/>\n<meta name=\"twitter:card\" content=\"summary_large_image\" \/>\n<meta name=\"twitter:label1\" content=\"Gesch\u00e4tzte Lesezeit\" \/>\n\t<meta name=\"twitter:data1\" content=\"2\u00a0Minuten\" \/>\n<script type=\"application\/ld+json\" class=\"yoast-schema-graph\">{\"@context\":\"https:\/\/schema.org\",\"@graph\":[{\"@type\":\"WebPage\",\"@id\":\"https:\/\/abazari.eu\/de\/ueber-mich\/\",\"url\":\"https:\/\/abazari.eu\/de\/ueber-mich\/\",\"name\":\"\u00dcber mich - Sascha Abazari\",\"isPartOf\":{\"@id\":\"https:\/\/abazari.eu\/de\/#website\"},\"primaryImageOfPage\":{\"@id\":\"https:\/\/abazari.eu\/de\/ueber-mich\/#primaryimage\"},\"image\":{\"@id\":\"https:\/\/abazari.eu\/de\/ueber-mich\/#primaryimage\"},\"thumbnailUrl\":\"https:\/\/abazari.eu\/wp-content\/uploads\/2023\/10\/canarias.jpg\",\"datePublished\":\"2023-10-06T08:16:34+00:00\",\"dateModified\":\"2024-10-01T07:42:02+00:00\",\"description\":\"Abazari - Vereidigter \u00dcbersetzer und Dolmetscher f\u00fcr Deutsch auf den Kanaren. Mehr als f\u00fcnfzehn Jahre Erfahrung im Bereich der \u00dcbersetzung und qualitativ hochwertiger vereidigter Dienstleistungen. Ihr zuverl\u00e4ssiger Partner f\u00fcr pr\u00e4zise und authentische Kommunikation in Deutsch und Spanisch.\",\"breadcrumb\":{\"@id\":\"https:\/\/abazari.eu\/de\/ueber-mich\/#breadcrumb\"},\"inLanguage\":\"de\",\"potentialAction\":[{\"@type\":\"ReadAction\",\"target\":[\"https:\/\/abazari.eu\/de\/ueber-mich\/\"]}]},{\"@type\":\"ImageObject\",\"inLanguage\":\"de\",\"@id\":\"https:\/\/abazari.eu\/de\/ueber-mich\/#primaryimage\",\"url\":\"https:\/\/abazari.eu\/wp-content\/uploads\/2023\/10\/canarias.jpg\",\"contentUrl\":\"https:\/\/abazari.eu\/wp-content\/uploads\/2023\/10\/canarias.jpg\",\"width\":500,\"height\":500},{\"@type\":\"BreadcrumbList\",\"@id\":\"https:\/\/abazari.eu\/de\/ueber-mich\/#breadcrumb\",\"itemListElement\":[{\"@type\":\"ListItem\",\"position\":1,\"name\":\"Portada\",\"item\":\"https:\/\/abazari.eu\/de\/\"},{\"@type\":\"ListItem\",\"position\":2,\"name\":\"\u00dcber mich\"}]},{\"@type\":\"WebSite\",\"@id\":\"https:\/\/abazari.eu\/de\/#website\",\"url\":\"https:\/\/abazari.eu\/de\/\",\"name\":\"Sascha Abazari\",\"description\":\"Su traductor e int\u00e9rprete jurado en Tenerife\",\"publisher\":{\"@id\":\"https:\/\/abazari.eu\/de\/#organization\"},\"potentialAction\":[{\"@type\":\"SearchAction\",\"target\":{\"@type\":\"EntryPoint\",\"urlTemplate\":\"https:\/\/abazari.eu\/de\/?s={search_term_string}\"},\"query-input\":{\"@type\":\"PropertyValueSpecification\",\"valueRequired\":true,\"valueName\":\"search_term_string\"}}],\"inLanguage\":\"de\"},{\"@type\":\"Organization\",\"@id\":\"https:\/\/abazari.eu\/de\/#organization\",\"name\":\"Sascha Abazari\",\"url\":\"https:\/\/abazari.eu\/de\/\",\"logo\":{\"@type\":\"ImageObject\",\"inLanguage\":\"de\",\"@id\":\"https:\/\/abazari.eu\/de\/#\/schema\/logo\/image\/\",\"url\":\"https:\/\/abazari.eu\/wp-content\/uploads\/2023\/10\/sascha-abazari-logo.png\",\"contentUrl\":\"https:\/\/abazari.eu\/wp-content\/uploads\/2023\/10\/sascha-abazari-logo.png\",\"width\":1657,\"height\":323,\"caption\":\"Sascha Abazari\"},\"image\":{\"@id\":\"https:\/\/abazari.eu\/de\/#\/schema\/logo\/image\/\"}}]}<\/script>\n<!-- \/ Yoast SEO Premium plugin. -->","yoast_head_json":{"title":"\u00dcber mich - Sascha Abazari","description":"Abazari - Vereidigter \u00dcbersetzer und Dolmetscher f\u00fcr Deutsch auf den Kanaren. Mehr als f\u00fcnfzehn Jahre Erfahrung im Bereich der \u00dcbersetzung und qualitativ hochwertiger vereidigter Dienstleistungen. Ihr zuverl\u00e4ssiger Partner f\u00fcr pr\u00e4zise und authentische Kommunikation in Deutsch und Spanisch.","robots":{"index":"index","follow":"follow","max-snippet":"max-snippet:-1","max-image-preview":"max-image-preview:large","max-video-preview":"max-video-preview:-1"},"canonical":"https:\/\/abazari.eu\/de\/ueber-mich\/","og_locale":"de_DE","og_type":"article","og_title":"\u00dcber mich","og_description":"Abazari - Vereidigter \u00dcbersetzer und Dolmetscher f\u00fcr Deutsch auf den Kanaren. Mehr als f\u00fcnfzehn Jahre Erfahrung im Bereich der \u00dcbersetzung und qualitativ hochwertiger vereidigter Dienstleistungen. Ihr zuverl\u00e4ssiger Partner f\u00fcr pr\u00e4zise und authentische Kommunikation in Deutsch und Spanisch.","og_url":"https:\/\/abazari.eu\/de\/ueber-mich\/","og_site_name":"Sascha Abazari","article_modified_time":"2024-10-01T07:42:02+00:00","og_image":[{"width":500,"height":500,"url":"https:\/\/abazari.eu\/wp-content\/uploads\/2023\/10\/canarias.jpg","type":"image\/jpeg"}],"twitter_card":"summary_large_image","twitter_misc":{"Gesch\u00e4tzte Lesezeit":"2\u00a0Minuten"},"schema":{"@context":"https:\/\/schema.org","@graph":[{"@type":"WebPage","@id":"https:\/\/abazari.eu\/de\/ueber-mich\/","url":"https:\/\/abazari.eu\/de\/ueber-mich\/","name":"\u00dcber mich - Sascha Abazari","isPartOf":{"@id":"https:\/\/abazari.eu\/de\/#website"},"primaryImageOfPage":{"@id":"https:\/\/abazari.eu\/de\/ueber-mich\/#primaryimage"},"image":{"@id":"https:\/\/abazari.eu\/de\/ueber-mich\/#primaryimage"},"thumbnailUrl":"https:\/\/abazari.eu\/wp-content\/uploads\/2023\/10\/canarias.jpg","datePublished":"2023-10-06T08:16:34+00:00","dateModified":"2024-10-01T07:42:02+00:00","description":"Abazari - Vereidigter \u00dcbersetzer und Dolmetscher f\u00fcr Deutsch auf den Kanaren. Mehr als f\u00fcnfzehn Jahre Erfahrung im Bereich der \u00dcbersetzung und qualitativ hochwertiger vereidigter Dienstleistungen. Ihr zuverl\u00e4ssiger Partner f\u00fcr pr\u00e4zise und authentische Kommunikation in Deutsch und Spanisch.","breadcrumb":{"@id":"https:\/\/abazari.eu\/de\/ueber-mich\/#breadcrumb"},"inLanguage":"de","potentialAction":[{"@type":"ReadAction","target":["https:\/\/abazari.eu\/de\/ueber-mich\/"]}]},{"@type":"ImageObject","inLanguage":"de","@id":"https:\/\/abazari.eu\/de\/ueber-mich\/#primaryimage","url":"https:\/\/abazari.eu\/wp-content\/uploads\/2023\/10\/canarias.jpg","contentUrl":"https:\/\/abazari.eu\/wp-content\/uploads\/2023\/10\/canarias.jpg","width":500,"height":500},{"@type":"BreadcrumbList","@id":"https:\/\/abazari.eu\/de\/ueber-mich\/#breadcrumb","itemListElement":[{"@type":"ListItem","position":1,"name":"Portada","item":"https:\/\/abazari.eu\/de\/"},{"@type":"ListItem","position":2,"name":"\u00dcber mich"}]},{"@type":"WebSite","@id":"https:\/\/abazari.eu\/de\/#website","url":"https:\/\/abazari.eu\/de\/","name":"Sascha Abazari","description":"Su traductor e int\u00e9rprete jurado en Tenerife","publisher":{"@id":"https:\/\/abazari.eu\/de\/#organization"},"potentialAction":[{"@type":"SearchAction","target":{"@type":"EntryPoint","urlTemplate":"https:\/\/abazari.eu\/de\/?s={search_term_string}"},"query-input":{"@type":"PropertyValueSpecification","valueRequired":true,"valueName":"search_term_string"}}],"inLanguage":"de"},{"@type":"Organization","@id":"https:\/\/abazari.eu\/de\/#organization","name":"Sascha Abazari","url":"https:\/\/abazari.eu\/de\/","logo":{"@type":"ImageObject","inLanguage":"de","@id":"https:\/\/abazari.eu\/de\/#\/schema\/logo\/image\/","url":"https:\/\/abazari.eu\/wp-content\/uploads\/2023\/10\/sascha-abazari-logo.png","contentUrl":"https:\/\/abazari.eu\/wp-content\/uploads\/2023\/10\/sascha-abazari-logo.png","width":1657,"height":323,"caption":"Sascha Abazari"},"image":{"@id":"https:\/\/abazari.eu\/de\/#\/schema\/logo\/image\/"}}]}},"_links":{"self":[{"href":"https:\/\/abazari.eu\/de\/wp-json\/wp\/v2\/pages\/853","targetHints":{"allow":["GET"]}}],"collection":[{"href":"https:\/\/abazari.eu\/de\/wp-json\/wp\/v2\/pages"}],"about":[{"href":"https:\/\/abazari.eu\/de\/wp-json\/wp\/v2\/types\/page"}],"author":[{"embeddable":true,"href":"https:\/\/abazari.eu\/de\/wp-json\/wp\/v2\/users\/1"}],"replies":[{"embeddable":true,"href":"https:\/\/abazari.eu\/de\/wp-json\/wp\/v2\/comments?post=853"}],"version-history":[{"count":3,"href":"https:\/\/abazari.eu\/de\/wp-json\/wp\/v2\/pages\/853\/revisions"}],"predecessor-version":[{"id":948,"href":"https:\/\/abazari.eu\/de\/wp-json\/wp\/v2\/pages\/853\/revisions\/948"}],"wp:featuredmedia":[{"embeddable":true,"href":"https:\/\/abazari.eu\/de\/wp-json\/wp\/v2\/media\/858"}],"wp:attachment":[{"href":"https:\/\/abazari.eu\/de\/wp-json\/wp\/v2\/media?parent=853"}],"curies":[{"name":"wp","href":"https:\/\/api.w.org\/{rel}","templated":true}]}}